{"id":1001,"date":"2021-03-17T11:32:14","date_gmt":"2021-03-17T10:32:14","guid":{"rendered":"https:\/\/vik.es\/llv\/?page_id=1001"},"modified":"2021-04-13T10:19:01","modified_gmt":"2021-04-13T08:19:01","slug":"afiliate-y-donativos","status":"publish","type":"page","link":"https:\/\/vik.es\/llv\/afiliate-y-donativos","title":{"rendered":"Af\u00edliate + Donativos"},"content":{"rendered":"<p>[et_pb_section fb_built=\u00bb1&#8243; admin_label=\u00bbColabora \u00bb _builder_version=\u00bb4.8.1&#8243; background_color=\u00bb#2192d6&#8243; background_enable_image=\u00bboff\u00bb background_position=\u00bbbottom_left\u00bb width=\u00bb100%\u00bb max_width=\u00bb100%\u00bb custom_padding=\u00bb53.625px|0px|53.625px|0|false|false\u00bb top_divider_height=\u00bb50px\u00bb top_divider_flip=\u00bbhorizontal\u00bb collapsed=\u00bboff\u00bb][et_pb_row column_structure=\u00bb1_2,1_2&#8243; custom_padding_last_edited=\u00bbon|phone\u00bb _builder_version=\u00bb4.8.1&#8243; background_enable_color=\u00bboff\u00bb background_enable_image=\u00bboff\u00bb width=\u00bb100%\u00bb max_width=\u00bb100%\u00bb custom_margin_tablet=\u00bb|||10%\u00bb custom_padding=\u00bb60px|60px|60px|60px|true|true\u00bb custom_padding_tablet=\u00bb\u00bb custom_padding_phone=\u00bb30px|30px|30px|30px|true|true\u00bb border_radii=\u00bbon|6px|6px|6px|6px\u00bb locked=\u00bboff\u00bb][et_pb_column type=\u00bb1_2&#8243; _builder_version=\u00bb3.25&#8243; custom_padding=\u00bb|||\u00bb custom_padding__hover=\u00bb|||\u00bb][et_pb_text _builder_version=\u00bb4.8.1&#8243; text_font=\u00bbRubik|300|||||||\u00bb text_text_color=\u00bbrgba(255,255,255,0.7)\u00bb text_line_height=\u00bb1.2em\u00bb header_font=\u00bbRubik|700|||||||\u00bb header_font_size=\u00bb44px\u00bb header_line_height=\u00bb1.4em\u00bb header_2_font=\u00bbRubik|700|||||||\u00bb header_2_font_size=\u00bb40px\u00bb header_6_font=\u00bbMontserrat|600||on|||||\u00bb header_6_text_color=\u00bbrgba(255,255,255,0.7)\u00bb header_6_font_size=\u00bb16px\u00bb header_6_letter_spacing=\u00bb2px\u00bb header_6_line_height=\u00bb1.5em\u00bb background_layout=\u00bbdark\u00bb max_width=\u00bb800px\u00bb module_alignment=\u00bbcenter\u00bb custom_margin=\u00bb||||false|false\u00bb text_font_size_tablet=\u00bb\u00bb text_font_size_phone=\u00bb20px\u00bb text_font_size_last_edited=\u00bbon|phone\u00bb header_font_size_tablet=\u00bb\u00bb header_font_size_phone=\u00bb28px\u00bb header_font_size_last_edited=\u00bbon|phone\u00bb]<\/p>\n<h1>Af\u00edliate<\/h1>\n<p>Nuestra asociaci\u00f3n se financia exclusivamente con la cuota de sus socios y con los donativos que de forma voluntaria hagan las personas y asociaciones sin \u00e1nimo de lucro que lo estimen oportuno.<\/p>\n<p><strong>No admitimos donativos de instituciones p\u00fablicas ni de empresas privadas<\/strong>.<\/p>\n<p>Las ventajas de ser afiliado a La Liga son:<\/p>\n<p><span class=\"numeracop\">1<\/span>Asesoramiento m\u00e9dico<\/p>\n<p><span class=\"numeracop\">2<\/span>Asesoramiento jur\u00eddico<\/p>\n<p><span class=\"numeracop\">3<\/span>Env\u00edo gratuito de las publicaciones que La Liga edite<\/p>\n<p><span class=\"numeracop\">4<\/span>Acceso gratuito a las publicaciones de La Liga<\/p>\n<p>[\/et_pb_text][\/et_pb_column][et_pb_column type=\u00bb1_2&#8243; _builder_version=\u00bb3.25&#8243; custom_padding=\u00bb|||\u00bb custom_padding__hover=\u00bb|||\u00bb][et_pb_text _builder_version=\u00bb4.8.1&#8243; text_font=\u00bbRubik|500|||||||\u00bb text_text_color=\u00bbrgba(255,255,255,0.7)\u00bb text_line_height=\u00bb1.2em\u00bb header_font=\u00bbRubik|700|||||||\u00bb header_font_size=\u00bb40px\u00bb header_line_height=\u00bb1.4em\u00bb header_2_font=\u00bbRubik|700|||||||\u00bb header_2_font_size=\u00bb30px\u00bb header_6_font=\u00bbMontserrat|600||on|||||\u00bb header_6_text_color=\u00bbrgba(255,255,255,0.7)\u00bb header_6_font_size=\u00bb16px\u00bb header_6_letter_spacing=\u00bb2px\u00bb header_6_line_height=\u00bb1.5em\u00bb background_color=\u00bb#5a9eff\u00bb background_image=\u00bbhttps:\/\/vik.es\/llv\/wp-content\/uploads\/2021\/03\/afiliate-2.png\u00bb background_size=\u00bbinitial\u00bb background_position=\u00bbtop_right\u00bb background_layout=\u00bbdark\u00bb max_width=\u00bb800px\u00bb module_alignment=\u00bbcenter\u00bb custom_margin=\u00bb||||false|false\u00bb custom_padding=\u00bb50px|50px|50px|50px|false|false\u00bb text_font_size_tablet=\u00bb\u00bb text_font_size_phone=\u00bb20px\u00bb text_font_size_last_edited=\u00bbon|phone\u00bb header_font_size_tablet=\u00bb40px\u00bb header_font_size_phone=\u00bb40px\u00bb header_font_size_last_edited=\u00bbon|phone\u00bb header_2_font_size_tablet=\u00bb30px\u00bb header_2_font_size_phone=\u00bb30px\u00bb header_2_font_size_last_edited=\u00bbon|phone\u00bb border_radii=\u00bbon|20px|20px|20px|20px\u00bb]<\/p>\n<h1>Formulario de afiliciaci\u00f3n a La Liga<\/h1>\n<div role=\"form\" class=\"wpcf7\" id=\"wpcf7-f1036-o1\" lang=\"es-ES\" dir=\"ltr\">\n<div class=\"screen-reader-response\"><p role=\"status\" aria-live=\"polite\" aria-atomic=\"true\"><\/p> <ul><\/ul><\/div>\n<form action=\"\/llv\/wp-json\/wp\/v2\/pages\/1001#wpcf7-f1036-o1\" method=\"post\" class=\"wpcf7-form init\" novalidate=\"novalidate\" data-status=\"init\">\n<div style=\"display: none;\">\n<input type=\"hidden\" name=\"_wpcf7\" value=\"1036\" \/>\n<input type=\"hidden\" name=\"_wpcf7_version\" value=\"5.4\" \/>\n<input type=\"hidden\" name=\"_wpcf7_locale\" value=\"es_ES\" \/>\n<input type=\"hidden\" name=\"_wpcf7_unit_tag\" value=\"wpcf7-f1036-o1\" \/>\n<input type=\"hidden\" name=\"_wpcf7_container_post\" value=\"0\" \/>\n<input type=\"hidden\" name=\"_wpcf7_posted_data_hash\" value=\"\" \/>\n<\/div>\n<p><label> Nombre y apellidos<br \/>\n    <span class=\"wpcf7-form-control-wrap nombre\"><input type=\"text\" name=\"nombre\" value=\"\" size=\"40\" class=\"wpcf7-form-control wpcf7-text wpcf7-validates-as-required\" aria-required=\"true\" aria-invalid=\"false\" \/><\/span> <\/label><\/p>\n<p><label> Correo electr\u00f3nico<br \/>\n    <span class=\"wpcf7-form-control-wrap email\"><input type=\"email\" name=\"email\" value=\"\" size=\"40\" class=\"wpcf7-form-control wpcf7-text wpcf7-email wpcf7-validates-as-required wpcf7-validates-as-email\" aria-required=\"true\" aria-invalid=\"false\" \/><\/span> <\/label><\/p>\n<p><label> Tel\u00e9fono<br \/>\n    <span class=\"wpcf7-form-control-wrap telefono\"><input type=\"tel\" name=\"telefono\" value=\"\" size=\"40\" class=\"wpcf7-form-control wpcf7-text wpcf7-tel wpcf7-validates-as-required wpcf7-validates-as-tel\" aria-required=\"true\" aria-invalid=\"false\" \/><\/span> <\/label><\/p>\n<p><label> Direcci\u00f3n <span class=\"wpcf7-form-control-wrap direccion\"><input type=\"text\" name=\"direccion\" value=\"\" size=\"40\" class=\"wpcf7-form-control wpcf7-text wpcf7-validates-as-required\" aria-required=\"true\" aria-invalid=\"false\" \/><\/span> <\/label><br \/>\n<label>CP<span class=\"wpcf7-form-control-wrap cp\"><input type=\"text\" name=\"cp\" value=\"\" size=\"40\" class=\"wpcf7-form-control wpcf7-text wpcf7-validates-as-required\" aria-required=\"true\" aria-invalid=\"false\" \/><\/span><\/label> <label>Poblaci\u00f3n<span class=\"wpcf7-form-control-wrap poblacion\"><input type=\"text\" name=\"poblacion\" value=\"\" size=\"40\" class=\"wpcf7-form-control wpcf7-text wpcf7-validates-as-required\" aria-required=\"true\" aria-invalid=\"false\" \/><\/span><\/label><\/p>\n<p><label> Prov\u00edncia<br \/>\n  <span class=\"wpcf7-form-control-wrap provincia\"><input type=\"text\" name=\"provincia\" value=\"\" size=\"40\" class=\"wpcf7-form-control wpcf7-text wpcf7-validates-as-required\" aria-required=\"true\" aria-invalid=\"false\" \/><\/span><\/label><\/p>\n<p><label> Profesi\u00f3n<br \/>\n  <span class=\"wpcf7-form-control-wrap profesion\"><input type=\"text\" name=\"profesion\" value=\"\" size=\"40\" class=\"wpcf7-form-control wpcf7-text wpcf7-validates-as-required\" aria-required=\"true\" aria-invalid=\"false\" \/><\/span><\/label><\/p>\n<p><label> IBAN<br \/>\n  <span class=\"wpcf7-form-control-wrap iban\"><input type=\"text\" name=\"iban\" value=\"\" size=\"40\" class=\"wpcf7-form-control wpcf7-text wpcf7-validates-as-required\" aria-required=\"true\" aria-invalid=\"false\" \/><\/span><\/label><\/p>\n<p><label> Importe de la filiaci\u00f3n (cuota anual)<br \/>\nSi as\u00ed lo desea puede introducir un importe superior<br \/>\n  <span class=\"wpcf7-form-control-wrap importe\"><input type=\"number\" name=\"importe\" value=\"40\" class=\"wpcf7-form-control wpcf7-number wpcf7-validates-as-required wpcf7-validates-as-number\" min=\"40\" aria-required=\"true\" aria-invalid=\"false\" \/><\/span><\/label><\/p>\n<p><label> Autorizo a Liga para la Libertad de Vacunaci\u00f3n para el env\u00edo de comunicaciones sobre sus servicios<br \/>\n<span class=\"wpcf7-form-control-wrap autorizo\"><select name=\"autorizo\" class=\"wpcf7-form-control wpcf7-select wpcf7-validates-as-required\" aria-required=\"true\" aria-invalid=\"false\"><option value=\"S\u00ed\">S\u00ed<\/option><option value=\"No\">No<\/option><\/select><\/span><\/label><\/p>\n<p><label> He le\u00eddo y acepto la Pol\u00edtica de Privacidad de La Liga<br \/>\n<span class=\"wpcf7-form-control-wrap acepto\"><span class=\"wpcf7-form-control wpcf7-acceptance\"><span class=\"wpcf7-list-item\"><input type=\"checkbox\" name=\"acepto\" value=\"1\" aria-invalid=\"false\" \/><\/span><\/span><\/span><\/label><\/p>\n<div class=\"wpcf7-response-output\" aria-hidden=\"true\"><\/div>\n<p><input type=\"submit\" value=\"Enviar\" class=\"wpcf7-form-control wpcf7-submit\" \/><\/p>\n<p>- <\/p>\n<div class=\"mensaje-datos\">Te informamos que los datos personales que nos proporcionas enviando este formulario ser\u00e1n tratados por La Liga para la libertad de vacunaci\u00f3n que es la responsable de este p\u00e1gina web.<\/p>\n<p>La finalidad de la recogida y tratamiento de estos datos es exclusivamente la propia de la gesti\u00f3n de la relaci\u00f3n de los afiliados con la asociaci\u00f3n. <\/p>\n<p>Al marcar la casilla de verificaci\u00f3n est\u00e1s dando tu legitimo consentimiento para que tus datos sean tratados conforme a las finalidades de este formulario descritas en la pol\u00edtica de privacidad.<\/p>\n<p>Podr\u00e1s ejercer tus derechos de acceso, rectificaci\u00f3n, limitaci\u00f3n y suprimir los datos en socios@vacunacionlibre.org.<\/p><\/div>\n<\/form><\/div>\n<form action=\"https:\/\/www.paypal.com\/cgi-bin\/webscr\" method=\"post\"><img loading=\"lazy\" decoding=\"async\" class=\"aligncenter\" src=\"https:\/\/www.paypalobjects.com\/es_ES\/i\/scr\/pixel.gif\" alt=\"\" width=\"1\" height=\"1\" border=\"0\" \/><\/form>\n<p>[\/et_pb_text][\/et_pb_column][\/et_pb_row][\/et_pb_section][et_pb_section fb_built=\u00bb1&#8243; admin_label=\u00bbDonaciones\u00bb _builder_version=\u00bb4.8.1&#8243; background_color=\u00bb#ffffff\u00bb background_enable_image=\u00bboff\u00bb width=\u00bb100%\u00bb custom_padding=\u00bb53.625px|0px|53.625px|0|false|false\u00bb collapsed=\u00bboff\u00bb][et_pb_row _builder_version=\u00bb4.8.1&#8243; width=\u00bb100%\u00bb max_width=\u00bb100%\u00bb locked=\u00bboff\u00bb][et_pb_column type=\u00bb4_4&#8243; _builder_version=\u00bb3.25&#8243; custom_padding=\u00bb|||\u00bb custom_padding__hover=\u00bb|||\u00bb][et_pb_text admin_label=\u00bbT\u00edtulo donaciones\u00bb _builder_version=\u00bb4.8.1&#8243; text_font=\u00bbMontserrat||||||||\u00bb text_font_size=\u00bb16px\u00bb text_line_height=\u00bb1.8em\u00bb link_font=\u00bbMontserrat|700|||||||\u00bb link_text_color=\u00bb#fa546d\u00bb link_font_size=\u00bb22px\u00bb link_line_height=\u00bb1.5em\u00bb ul_font=\u00bb||||||||\u00bb header_font=\u00bb||||||||\u00bb header_2_font=\u00bbMontserrat|700|||||||\u00bb header_2_font_size=\u00bb40px\u00bb header_2_line_height=\u00bb1.4em\u00bb header_6_font=\u00bbMontserrat|600||on|||||\u00bb header_6_text_color=\u00bb#24d9e2&#8243; header_6_font_size=\u00bb16px\u00bb header_6_letter_spacing=\u00bb2px\u00bb header_6_line_height=\u00bb1.5em\u00bb text_orientation=\u00bbcenter\u00bb max_width=\u00bb700px\u00bb max_width_last_edited=\u00bboff|desktop\u00bb module_alignment=\u00bbcenter\u00bb custom_margin=\u00bb|||\u00bb custom_padding=\u00bb|||\u00bb header_2_font_size_tablet=\u00bb\u00bb header_2_font_size_phone=\u00bb24px\u00bb header_2_font_size_last_edited=\u00bbon|phone\u00bb]<\/p>\n<h2>Donaciones a La Liga<\/h2>\n<p>[\/et_pb_text][\/et_pb_column][\/et_pb_row][et_pb_row column_structure=\u00bb1_2,1_2&#8243; custom_padding_last_edited=\u00bbon|phone\u00bb _builder_version=\u00bb4.8.1&#8243; background_enable_color=\u00bboff\u00bb background_enable_image=\u00bboff\u00bb width=\u00bb100%\u00bb max_width=\u00bb100%\u00bb custom_margin_tablet=\u00bb|||10%\u00bb custom_padding=\u00bb60px|60px|60px|60px|true|true\u00bb custom_padding_tablet=\u00bb\u00bb custom_padding_phone=\u00bb30px|30px|30px|30px|true|true\u00bb border_radii=\u00bbon|6px|6px|6px|6px\u00bb locked=\u00bboff\u00bb][et_pb_column type=\u00bb1_2&#8243; _builder_version=\u00bb3.25&#8243; custom_padding=\u00bb|||\u00bb custom_padding__hover=\u00bb|||\u00bb][et_pb_image src=\u00bbhttps:\/\/vik.es\/llv\/wp-content\/uploads\/2021\/03\/suscripcion-medico.jpg\u00bb title_text=\u00bbsuscripcion-medico\u00bb align=\u00bbcenter\u00bb _builder_version=\u00bb4.8.1&#8243; _module_preset=\u00bbdefault\u00bb][\/et_pb_image][\/et_pb_column][et_pb_column type=\u00bb1_2&#8243; _builder_version=\u00bb3.25&#8243; custom_padding=\u00bb|||\u00bb custom_padding__hover=\u00bb|||\u00bb][et_pb_text _builder_version=\u00bb4.8.1&#8243; text_font=\u00bbRubik|300|||||||\u00bb text_text_color=\u00bbrgba(255,255,255,0.7)\u00bb text_line_height=\u00bb1.2em\u00bb header_font=\u00bbRubik|700|||||||\u00bb header_font_size=\u00bb40px\u00bb header_line_height=\u00bb1.4em\u00bb header_2_font=\u00bbRubik|700|||||||\u00bb header_2_font_size=\u00bb30px\u00bb header_6_font=\u00bbMontserrat|600||on|||||\u00bb header_6_text_color=\u00bbrgba(255,255,255,0.7)\u00bb header_6_font_size=\u00bb16px\u00bb header_6_letter_spacing=\u00bb2px\u00bb header_6_line_height=\u00bb1.5em\u00bb background_color=\u00bb#5a9eff\u00bb background_layout=\u00bbdark\u00bb max_width=\u00bb800px\u00bb module_alignment=\u00bbcenter\u00bb custom_margin=\u00bb||||false|false\u00bb custom_padding=\u00bb50px|50px|50px|50px|false|false\u00bb text_font_size_tablet=\u00bb\u00bb text_font_size_phone=\u00bb20px\u00bb text_font_size_last_edited=\u00bbon|phone\u00bb header_font_size_tablet=\u00bb40px\u00bb header_font_size_phone=\u00bb40px\u00bb header_font_size_last_edited=\u00bbon|phone\u00bb header_2_font_size_tablet=\u00bb30px\u00bb header_2_font_size_phone=\u00bb30px\u00bb header_2_font_size_last_edited=\u00bbon|phone\u00bb border_radii=\u00bbon|20px|20px|20px|20px\u00bb]<\/p>\n<h1>Dona<\/h1>\n<p>Nuestra asociaci\u00f3n se financia exclusivamente con la cuota de sus socios y con los donativos que de forma voluntaria hagan las personas y asociaciones sin \u00e1nimo de lucro que lo estimen oportuno.<\/p>\n<p><strong>No admitimos donativos de instituciones p\u00fablicas ni de empresas privadas<\/strong>.<\/p>\n<p>Si decides contribuir gracias de antemano.<\/p>\n<p>&nbsp;<\/p>\n<form action=\"https:\/\/www.paypal.com\/cgi-bin\/webscr\" method=\"post\"><input name=\"cmd\" type=\"hidden\" value=\"_s-xclick\" \/> <input name=\"hosted_button_id\" type=\"hidden\" value=\"NAPZYK2X58W2S\" \/> <input alt=\"PayPal. La forma r\u00e1pida y segura de pagar en Internet.\" name=\"submit\" src=\"https:\/\/www.paypalobjects.com\/es_ES\/ES\/i\/btn\/btn_donateCC_LG.gif\" type=\"image\" style=\"height:100px; width:320px\"\/> <img loading=\"lazy\" decoding=\"async\" src=\"https:\/\/www.paypalobjects.com\/es_ES\/i\/scr\/pixel.gif\" alt=\"\" width=\"1\" height=\"1\" border=\"0\" \/><\/form>\n<p>[\/et_pb_text][\/et_pb_column][\/et_pb_row][\/et_pb_section]<\/p>\n","protected":false},"excerpt":{"rendered":"<p>Nuestra asociaci\u00f3n se financia exclusivamente con la cuota de sus socios y con los donativos que de forma voluntaria hagan las personas y asociaciones sin \u00e1nimo de lucro que lo estimen oportuno.<\/p>\n","protected":false},"author":1,"featured_media":44,"parent":0,"menu_order":0,"comment_status":"closed","ping_status":"closed","template":"","meta":{"_et_pb_use_builder":"on","_et_pb_old_content":"","_et_gb_content_width":"","footnotes":""},"class_list":["post-1001","page","type-page","status-publish","has-post-thumbnail","hentry"],"_links":{"self":[{"href":"https:\/\/vik.es\/llv\/wp-json\/wp\/v2\/pages\/1001","targetHints":{"allow":["GET"]}}],"collection":[{"href":"https:\/\/vik.es\/llv\/wp-json\/wp\/v2\/pages"}],"about":[{"href":"https:\/\/vik.es\/llv\/wp-json\/wp\/v2\/types\/page"}],"author":[{"embeddable":true,"href":"https:\/\/vik.es\/llv\/wp-json\/wp\/v2\/users\/1"}],"replies":[{"embeddable":true,"href":"https:\/\/vik.es\/llv\/wp-json\/wp\/v2\/comments?post=1001"}],"version-history":[{"count":39,"href":"https:\/\/vik.es\/llv\/wp-json\/wp\/v2\/pages\/1001\/revisions"}],"predecessor-version":[{"id":5408,"href":"https:\/\/vik.es\/llv\/wp-json\/wp\/v2\/pages\/1001\/revisions\/5408"}],"wp:featuredmedia":[{"embeddable":true,"href":"https:\/\/vik.es\/llv\/wp-json\/wp\/v2\/media\/44"}],"wp:attachment":[{"href":"https:\/\/vik.es\/llv\/wp-json\/wp\/v2\/media?parent=1001"}],"curies":[{"name":"wp","href":"https:\/\/api.w.org\/{rel}","templated":true}]}}