{"id":1079,"date":"2021-03-17T20:14:05","date_gmt":"2021-03-17T19:14:05","guid":{"rendered":"https:\/\/vik.es\/llv\/?page_id=1079"},"modified":"2021-04-16T10:00:53","modified_gmt":"2021-04-16T08:00:53","slug":"nos-presentamos","status":"publish","type":"page","link":"https:\/\/vik.es\/llv\/nos-presentamos","title":{"rendered":"Nos presentamos"},"content":{"rendered":"<p>[et_pb_section fb_built=\u00bb1&#8243; custom_padding_last_edited=\u00bbon|phone\u00bb admin_label=\u00bbLa Liga \/ Nos presentamos\u00bb _builder_version=\u00bb4.8.1&#8243; background_color=\u00bb#2192d6&#8243; background_enable_image=\u00bboff\u00bb background_position=\u00bbbottom_left\u00bb width=\u00bb100%\u00bb width_tablet=\u00bb\u00bb width_phone=\u00bb100%\u00bb width_last_edited=\u00bbon|phone\u00bb max_width=\u00bb100%\u00bb max_width_tablet=\u00bb\u00bb max_width_phone=\u00bb100%\u00bb max_width_last_edited=\u00bbon|phone\u00bb custom_padding=\u00bb53.625px|0px|53.625px|0|false|false\u00bb custom_padding_tablet=\u00bb\u00bb custom_padding_phone=\u00bb5%||5%||false|false\u00bb top_divider_height=\u00bb50px\u00bb top_divider_flip=\u00bbhorizontal\u00bb collapsed=\u00bboff\u00bb][et_pb_row column_structure=\u00bb1_2,1_2&#8243; custom_padding_last_edited=\u00bbon|phone\u00bb _builder_version=\u00bb4.8.1&#8243; background_enable_color=\u00bboff\u00bb background_enable_image=\u00bboff\u00bb width=\u00bb100%\u00bb width_tablet=\u00bb\u00bb width_phone=\u00bb100%\u00bb width_last_edited=\u00bbon|phone\u00bb max_width=\u00bb100%\u00bb max_width_tablet=\u00bb\u00bb max_width_phone=\u00bb100%\u00bb max_width_last_edited=\u00bbon|phone\u00bb module_alignment=\u00bbcenter\u00bb custom_margin_tablet=\u00bb-5px|auto||10%|false|false\u00bb custom_margin_phone=\u00bb0px|0px||0%|false|false\u00bb custom_margin_last_edited=\u00bbon|phone\u00bb custom_padding=\u00bb60px|60px|60px|60px|true|true\u00bb custom_padding_tablet=\u00bb3px|60px|3px|60px|true|true\u00bb custom_padding_phone=\u00bb0px|0px|0px|0px|true|true\u00bb module_alignment_tablet=\u00bbcenter\u00bb module_alignment_phone=\u00bbcenter\u00bb module_alignment_last_edited=\u00bbon|phone\u00bb border_radii=\u00bbon|6px|6px|6px|6px\u00bb locked=\u00bboff\u00bb][et_pb_column type=\u00bb1_2&#8243; _builder_version=\u00bb3.25&#8243; custom_padding=\u00bb|||\u00bb custom_padding__hover=\u00bb|||\u00bb][et_pb_text _builder_version=\u00bb4.8.1&#8243; text_font=\u00bbRubik|300|||||||\u00bb text_text_color=\u00bbrgba(255,255,255,0.7)\u00bb text_line_height=\u00bb1.2em\u00bb header_font=\u00bbRubik|700|||||||\u00bb header_font_size=\u00bb44px\u00bb header_line_height=\u00bb1.4em\u00bb header_2_font=\u00bbRubik|700|||||||\u00bb header_2_font_size=\u00bb40px\u00bb header_6_font=\u00bbMontserrat|600||on|||||\u00bb header_6_text_color=\u00bbrgba(255,255,255,0.7)\u00bb header_6_font_size=\u00bb16px\u00bb header_6_letter_spacing=\u00bb2px\u00bb header_6_line_height=\u00bb1.5em\u00bb background_layout=\u00bbdark\u00bb max_width=\u00bb800px\u00bb max_width_tablet=\u00bb\u00bb max_width_phone=\u00bb\u00bb max_width_last_edited=\u00bbon|desktop\u00bb module_alignment=\u00bbcenter\u00bb custom_margin=\u00bb||||false|false\u00bb custom_margin_tablet=\u00bb\u00bb custom_margin_phone=\u00bb\u00bb custom_margin_last_edited=\u00bbon|phone\u00bb custom_padding=\u00bb|5%||5%|false|false\u00bb custom_padding_tablet=\u00bb\u00bb custom_padding_phone=\u00bb\u00bb custom_padding_last_edited=\u00bbon|desktop\u00bb text_font_size_tablet=\u00bb\u00bb text_font_size_phone=\u00bb20px\u00bb text_font_size_last_edited=\u00bbon|phone\u00bb header_font_size_tablet=\u00bb\u00bb header_font_size_phone=\u00bb30px\u00bb header_font_size_last_edited=\u00bbon|phone\u00bb]<\/p>\n<h1>Nos presentamos<\/h1>\n<p>LA LIGA PARA LA LIBERTAD DE VACUNACION es una asociaci\u00f3n plural de ciudadanos y ciudadanas (profesionales y usuarios de la sanidad), que se preocupa por la rigidez, indiscriminaci\u00f3n y desinformaci\u00f3n de los programas vacunales. Es una asociaci\u00f3n sin fines lucrativos, independiente de v\u00ednculos e intereses corporativos, econ\u00f3micos e ideol\u00f3gicos, que mediante el trabajo voluntario de sus miembros pretende, entre otros fines, dar a conocer una informaci\u00f3n libre, contrastada y cr\u00edtica sobre las vacunas y las consecuencias sobre la salud que provocan.<\/p>\n<p><strong>Es por eso que nuestra asociaci\u00f3n quiere MANIFESTAR:<\/strong><\/p>\n<p><span class=\"numeraco\">1<\/span>Que, pese a las investigaciones cient\u00edficas de los \u00faltimos decenios sobre nuestro sistema inmunitario y su funcionamiento, estos sigue siendo unos desconocidos para la medicina y adem\u00e1s su difusi\u00f3n queda muy limitada para muchos m\u00e9dicos.<\/p>\n<p><span class=\"numeraco\">2<\/span>Que la humanidad ha estado y estar\u00e1 siempre conviviendo con microorganismos, virus, bacterias, etc. Su estado de salud depender\u00e1 de la capacidad que tenga de mejorar las condiciones de vida (personales, sociales, medioambientales, alimentaci\u00f3n, etc.) para as\u00ed fortalecer y mantener a punto su sistema inmunol\u00f3gico. T\u00e9ngase en cuenta, que los virus y los microorganismos \u00abagredidos\u00bb ser\u00e1n cada vez m\u00e1s resistentes a los f\u00e1rmacos, mutar\u00e1n y crear\u00e1n nuevas enfermedades para las cuales la industria farmac\u00e9utica buscar\u00e1 y producir\u00e1 nuevas vacunas, en una carrera sin fin. La vacuna no es la soluci\u00f3n a los problemas sanitarios de la humanidad.<\/p>\n<p><span class=\"numeraco\">3<\/span>Que las autoridades sanitarias de los diferentes pa\u00edses se han erigido en protectoras y responsables de la salud de la poblaci\u00f3n. Desafortunadamente, esta gran responsabilidad no se traduce en la necesaria y obligada imparcialidad, ni en el respeto a la autonom\u00eda, la voluntad y la libertad de elegir de los ciudadanos. Como tales deber\u00edan informar contrastada y ampliamente a toda persona susceptible de ser vacunada de los pros y los contras, cosa que no se hace,\u00a0 en base al derecho de todo ciudadano a la informaci\u00f3n y por tanto a un consentimiento informado como pacientes antes de recibir cualquier tratamiento m\u00e9dico. En definitiva, a tomar de una forma responsable las decisiones que afectan a la propia salud.<\/p>\n<p>[\/et_pb_text][et_pb_text _builder_version=\u00bb4.8.1&#8243; text_font=\u00bbRubik|300|||||||\u00bb text_text_color=\u00bbrgba(255,255,255,0.7)\u00bb text_line_height=\u00bb1.2em\u00bb header_font=\u00bbRubik|700|||||||\u00bb header_font_size=\u00bb40px\u00bb header_line_height=\u00bb1.4em\u00bb header_2_font=\u00bbRubik|700|||||||\u00bb header_2_font_size=\u00bb30px\u00bb header_6_font=\u00bbMontserrat|600||on|||||\u00bb header_6_text_color=\u00bbrgba(255,255,255,0.7)\u00bb header_6_font_size=\u00bb16px\u00bb header_6_letter_spacing=\u00bb2px\u00bb header_6_line_height=\u00bb1.5em\u00bb background_color=\u00bb#5a9eff\u00bb background_layout=\u00bbdark\u00bb width=\u00bb100%\u00bb width_tablet=\u00bb\u00bb width_phone=\u00bb95%\u00bb width_last_edited=\u00bbon|desktop\u00bb max_width=\u00bb100%\u00bb module_alignment=\u00bbcenter\u00bb custom_margin=\u00bb||||false|false\u00bb custom_margin_tablet=\u00bb\u00bb custom_margin_phone=\u00bb\u00bb custom_margin_last_edited=\u00bbon|phone\u00bb custom_padding=\u00bb50px|50px|50px|50px|false|false\u00bb custom_padding_tablet=\u00bb\u00bb custom_padding_phone=\u00bb5%|5%|5%|5%|false|false\u00bb custom_padding_last_edited=\u00bbon|desktop\u00bb text_font_size_tablet=\u00bb\u00bb text_font_size_phone=\u00bb20px\u00bb text_font_size_last_edited=\u00bbon|phone\u00bb header_font_size_tablet=\u00bb40px\u00bb header_font_size_phone=\u00bb40px\u00bb header_font_size_last_edited=\u00bbon|phone\u00bb header_2_font_size_tablet=\u00bb30px\u00bb header_2_font_size_phone=\u00bb30px\u00bb header_2_font_size_last_edited=\u00bbon|phone\u00bb border_radii=\u00bbon|20px|20px|20px|20px\u00bb]<\/p>\n<p><span style=\"font-weight: 400;\">Un objetivo b\u00e1sico de la LIGA es el de unir los esfuerzos y el trabajo de las personas que apoyan el derecho de cada individuo a cuidar y responsabilizarse de su salud y de forma espec\u00edfica al derecho a escoger el tipo de sanidad que consideren oportuno.<\/span><\/p>\n<p><span style=\"font-weight: 400;\">En concreto en la LIGA trabajamos por tener la libertad efectiva de optar por la vacunaci\u00f3n o no promoviendo la informaci\u00f3n, la difusi\u00f3n y el debate sobre esta cuesti\u00f3n.<\/span><\/p>\n<p>[\/et_pb_text][\/et_pb_column][et_pb_column type=\u00bb1_2&#8243; _builder_version=\u00bb3.25&#8243; custom_padding=\u00bb|||\u00bb custom_padding__hover=\u00bb|||\u00bb][et_pb_image src=\u00bbhttps:\/\/vik.es\/llv\/wp-content\/uploads\/2021\/03\/red-1.png\u00bb title_text=\u00bbred\u00bb align=\u00bbcenter\u00bb _builder_version=\u00bb4.8.1&#8243; _module_preset=\u00bbdefault\u00bb][\/et_pb_image][et_pb_text admin_label=\u00bbQue pedimos a los padres\u00bb _builder_version=\u00bb4.8.1&#8243; text_font=\u00bbRubik|300|||||||\u00bb text_text_color=\u00bbrgba(255,255,255,0.7)\u00bb text_line_height=\u00bb1.2em\u00bb header_font=\u00bbRubik|700|||||||\u00bb header_font_size=\u00bb40px\u00bb header_line_height=\u00bb1.4em\u00bb header_2_font=\u00bbRubik|700|||||||\u00bb header_2_font_size=\u00bb30px\u00bb header_6_font=\u00bbMontserrat|600||on|||||\u00bb header_6_text_color=\u00bbrgba(255,255,255,0.7)\u00bb header_6_font_size=\u00bb16px\u00bb header_6_letter_spacing=\u00bb2px\u00bb header_6_line_height=\u00bb1.5em\u00bb background_color=\u00bb#5a9eff\u00bb background_layout=\u00bbdark\u00bb width_tablet=\u00bb\u00bb width_phone=\u00bb95%\u00bb width_last_edited=\u00bbon|phone\u00bb max_width=\u00bb800px\u00bb max_width_tablet=\u00bb\u00bb max_width_phone=\u00bb95%\u00bb max_width_last_edited=\u00bbon|phone\u00bb module_alignment=\u00bbcenter\u00bb custom_margin=\u00bb||||false|false\u00bb custom_padding=\u00bb50px|50px|50px|50px|false|false\u00bb custom_padding_tablet=\u00bb\u00bb custom_padding_phone=\u00bb5%|5%|5%|5%|false|false\u00bb custom_padding_last_edited=\u00bbon|phone\u00bb hover_enabled=\u00bb0&#8243; text_font_size_tablet=\u00bb\u00bb text_font_size_phone=\u00bb20px\u00bb text_font_size_last_edited=\u00bbon|phone\u00bb header_font_size_tablet=\u00bb40px\u00bb header_font_size_phone=\u00bb40px\u00bb header_font_size_last_edited=\u00bbon|phone\u00bb header_2_font_size_tablet=\u00bb30px\u00bb header_2_font_size_phone=\u00bb30px\u00bb header_2_font_size_last_edited=\u00bbon|phone\u00bb border_radii=\u00bbon|20px|20px|20px|20px\u00bb sticky_enabled=\u00bb0&#8243;]<\/p>\n<h3>\u00bfQu\u00e9 pedimos a los padres y a toda persona susceptible de vacunaci\u00f3n?<\/h3>\n<p>Desde la LIGA queremos remarcar la importancia de que actuemos de forma colectiva, que unamos esfuerzos e intercambiemos experiencias. Hemos de evitar sentirnos solos y aislados en un entorno hostil ante quien cuestiona las vacunaciones.<\/p>\n<p>Es por eso que encarecemos a los padres y a toda persona susceptible de vacunaci\u00f3n para:<\/p>\n<p><span class=\"numeraco\">1<\/span>Que colaboren en la desmonopolizaci\u00f3n y esclarecimiento del conocimiento m\u00e9dico, exigiendo una informaci\u00f3n rigurosa al personal sanitario (m\u00e9dicos, farmac\u00e9uticos, ATS) para escoger y decidir con libertad y conocimiento de causa.<\/p>\n<p><span class=\"numeraco\">2<\/span>Que, en caso de sospechar alg\u00fan efecto da\u00f1ino a causa de una vacuna, se someta inmediatamente y sin demora a la observaci\u00f3n de un equipo m\u00e9dico especializado e independiente (la LIGA puede ofrecerlo). Se asegure que los efectos secundarios son declarados a los equipos de farmacovigilancia. Se ponga en contacto con la LIGA para notificar el caso y por si se necesita ayuda de nuestro equipo m\u00e9dico o jur\u00eddico.<\/p>\n<p><span class=\"numeraco\">3<\/span>Que se abstenga de inocularse las nuevas vacunas en el mercado pues no existe todav\u00eda informaci\u00f3n epidemiol\u00f3gica suficientemente contrastada sobre las mismas.<\/p>\n<p><span class=\"numeraco\">4<\/span>Que en caso de estar incluido en un determinado grupo de riesgo y\/o en situaci\u00f3n de alarma sanitaria, se abstenga de automedicarse.<\/p>\n<p>[\/et_pb_text][\/et_pb_column][\/et_pb_row][\/et_pb_section][et_pb_section fb_built=\u00bb1&#8243; admin_label=\u00bbQu\u00e9 pedimos a la administraci\u00f3n\u00bb _builder_version=\u00bb4.8.1&#8243; background_color=\u00bb#ffffff\u00bb background_enable_image=\u00bboff\u00bb width=\u00bb100%\u00bb width_tablet=\u00bb\u00bb width_phone=\u00bb100%\u00bb width_last_edited=\u00bbon|phone\u00bb max_width_tablet=\u00bb\u00bb max_width_phone=\u00bb100%\u00bb max_width_last_edited=\u00bbon|phone\u00bb custom_margin_tablet=\u00bb\u00bb custom_margin_phone=\u00bb\u00bb custom_margin_last_edited=\u00bbon|phone\u00bb custom_padding=\u00bb26.6px|0px|53.625px|0|false|false\u00bb collapsed=\u00bboff\u00bb][et_pb_row _builder_version=\u00bb4.8.1&#8243; width=\u00bb100%\u00bb max_width=\u00bb100%\u00bb custom_padding=\u00bb||0px|||\u00bb locked=\u00bboff\u00bb][et_pb_column type=\u00bb4_4&#8243; _builder_version=\u00bb3.25&#8243; custom_padding=\u00bb|||\u00bb custom_padding__hover=\u00bb|||\u00bb][et_pb_text _builder_version=\u00bb4.8.1&#8243; text_font=\u00bbMontserrat||||||||\u00bb text_font_size=\u00bb16px\u00bb text_line_height=\u00bb1.8em\u00bb link_font=\u00bbMontserrat|700|||||||\u00bb link_text_color=\u00bb#fa546d\u00bb link_font_size=\u00bb22px\u00bb link_line_height=\u00bb1.5em\u00bb ul_font=\u00bb||||||||\u00bb header_font=\u00bb||||||||\u00bb header_2_font=\u00bbMontserrat|700|||||||\u00bb header_2_font_size=\u00bb40px\u00bb header_2_line_height=\u00bb1.4em\u00bb header_6_font=\u00bbMontserrat|600||on|||||\u00bb header_6_text_color=\u00bb#24d9e2&#8243; header_6_font_size=\u00bb16px\u00bb header_6_letter_spacing=\u00bb2px\u00bb header_6_line_height=\u00bb1.5em\u00bb text_orientation=\u00bbcenter\u00bb max_width=\u00bb700px\u00bb max_width_last_edited=\u00bboff|desktop\u00bb module_alignment=\u00bbcenter\u00bb custom_margin=\u00bb||7px|||\u00bb custom_padding=\u00bb|||\u00bb header_2_font_size_tablet=\u00bb\u00bb header_2_font_size_phone=\u00bb24px\u00bb header_2_font_size_last_edited=\u00bbon|phone\u00bb]<\/p>\n<h2>\u00bfQu\u00e9 pedimos a la administraci\u00f3n?<\/h2>\n<p>[\/et_pb_text][\/et_pb_column][\/et_pb_row][et_pb_row column_structure=\u00bb1_2,1_2&#8243; custom_padding_last_edited=\u00bbon|phone\u00bb _builder_version=\u00bb4.8.1&#8243; background_enable_color=\u00bboff\u00bb background_enable_image=\u00bboff\u00bb width=\u00bb100%\u00bb width_tablet=\u00bb100%\u00bb width_phone=\u00bb100%\u00bb width_last_edited=\u00bbon|desktop\u00bb max_width=\u00bb100%\u00bb custom_margin_tablet=\u00bb|||10%\u00bb custom_padding=\u00bb34px|60px|34px|60px|true|true\u00bb custom_padding_tablet=\u00bb\u00bb custom_padding_phone=\u00bb5%|2.7%|5%|2.7%|true|true\u00bb border_radii=\u00bbon|6px|6px|6px|6px\u00bb locked=\u00bboff\u00bb][et_pb_column type=\u00bb1_2&#8243; _builder_version=\u00bb3.25&#8243; custom_padding=\u00bb|||\u00bb custom_padding__hover=\u00bb|||\u00bb][et_pb_text _builder_version=\u00bb4.8.1&#8243; text_font=\u00bbRubik|300|||||||\u00bb text_text_color=\u00bbrgba(255,255,255,0.7)\u00bb text_line_height=\u00bb1.2em\u00bb header_font=\u00bbRubik|700|||||||\u00bb header_font_size=\u00bb40px\u00bb header_line_height=\u00bb1.4em\u00bb header_2_font=\u00bbRubik|700|||||||\u00bb header_2_font_size=\u00bb30px\u00bb header_6_font=\u00bbMontserrat|600||on|||||\u00bb header_6_text_color=\u00bbrgba(255,255,255,0.7)\u00bb header_6_font_size=\u00bb16px\u00bb header_6_letter_spacing=\u00bb2px\u00bb header_6_line_height=\u00bb1.5em\u00bb background_color=\u00bb#5a9eff\u00bb background_layout=\u00bbdark\u00bb width=\u00bb800px\u00bb width_tablet=\u00bb800px\u00bb width_phone=\u00bb100%\u00bb width_last_edited=\u00bbon|phone\u00bb max_width=\u00bb100%\u00bb module_alignment=\u00bbcenter\u00bb custom_margin=\u00bb||||false|false\u00bb custom_padding=\u00bb50px|50px|50px|50px|false|false\u00bb custom_padding_tablet=\u00bb\u00bb custom_padding_phone=\u00bb5%|19px|5%|24px|false|false\u00bb custom_padding_last_edited=\u00bbon|phone\u00bb text_font_size_tablet=\u00bb\u00bb text_font_size_phone=\u00bb20px\u00bb text_font_size_last_edited=\u00bbon|phone\u00bb header_font_size_tablet=\u00bb40px\u00bb header_font_size_phone=\u00bb40px\u00bb header_font_size_last_edited=\u00bbon|phone\u00bb header_2_font_size_tablet=\u00bb30px\u00bb header_2_font_size_phone=\u00bb30px\u00bb header_2_font_size_last_edited=\u00bbon|phone\u00bb border_radii=\u00bbon|20px|20px|20px|20px\u00bb]<\/p>\n<p><span class=\"numeraco\">1<\/span>Que la oferta m\u00e9dica p\u00fablica, como ya sucede en otros pa\u00edses europeos, incluya diferentes opciones para el cuidado de la salud: naturismo, homeopat\u00eda, etc.., y que sean respetadas las opciones m\u00e9dicas de los pacientes.<\/p>\n<p><span class=\"numeraco\">2<\/span>Que se dediquen m\u00e1s medios econ\u00f3micos y humanos a la mejora \u00abreal\u00bb de las condiciones higi\u00e9nicas, sanitarias y alimentarias de los ciudadanos.<\/p>\n<p><span class=\"numeraco\">3<\/span>Que se reconozca y se respete el derecho de todo ciudadano a escoger y decidir sobre la conveniencia o no de vacunarse y que este derecho se haga extensivo subsidiariamente al resto de administraciones (estatales, auton\u00f3micas, locales) y sus distintos \u00e1mbitos (ense\u00f1anza, asuntos sociales, militar, etc..) que tengan alg\u00fan tipo de competencia sobre salud.<\/p>\n<p><span class=\"numeraco\">4<\/span>Que se establezca una correcta farmacovigilancia de las vacunas, incluyendo la participaci\u00f3n de las organizaciones de usuarios y afectados, para poder detectar los efectos desfavorables de las mismas.<\/p>\n<p><span class=\"numeraco\">5<\/span>Que se reconozca jur\u00eddica y administrativamente sus efectos adversos tanto principales como secundarios, y que los afectados por los mismos, aunque la reparaci\u00f3n no sea posible, sean debidamente indemnizados.<\/p>\n<p><span class=\"numeraco\">6<\/span>Que se informe adecuadamente sobre los efectos de las vacunas.<\/p>\n<p>&nbsp;<\/p>\n<p><span class=\"numeraco\">7<\/span>Que se exija a los laboratorios fabricantes de vacunas informes peri\u00f3dicos del alcance de las investigaciones vacunales.<\/p>\n<p><span class=\"numeraco\">8<\/span>Que dejen de vacunarse sistem\u00e1ticamente los ni\u00f1os menores de 3 a\u00f1os. Solamente una epidemia o indicaciones espec\u00edficas evaluadas para cada individuo justificar\u00edan su vacunaci\u00f3n.<\/p>\n<p><span class=\"numeraco\">9<\/span>Que se revisen los calendarios de vacunaci\u00f3n y la necesidad real de los mismos.<\/p>\n<p><span class=\"numeraco\">10<\/span>Que, en caso de ser necesarias, las vacunas se administren separadamente y se vigilen atentamente sus efectos para poder detectar posibles reacciones y evaluar mejor la calidad, eficacia y peligrosidad o inocuidad de cada preparado.<\/p>\n<p>[\/et_pb_text][\/et_pb_column][et_pb_column type=\u00bb1_2&#8243; _builder_version=\u00bb3.25&#8243; custom_padding=\u00bb|||\u00bb custom_padding__hover=\u00bb|||\u00bb][et_pb_image src=\u00bbhttps:\/\/vik.es\/llv\/wp-content\/uploads\/2021\/03\/suscripcion-medico.jpg\u00bb title_text=\u00bbsuscripcion-medico\u00bb align=\u00bbcenter\u00bb _builder_version=\u00bb4.8.1&#8243; _module_preset=\u00bbdefault\u00bb][\/et_pb_image][\/et_pb_column][\/et_pb_row][\/et_pb_section]<\/p>\n","protected":false},"excerpt":{"rendered":"<p>LA LIGA PARA LA LIBERTAD DE VACUNACION es una asociaci\u00f3n plural de ciudadanos y ciudadanas (profesionales y usuarios de la sanidad), que se preocupan por la rigidez e indiscriminaci\u00f3n de los programas vacunales.<\/p>\n","protected":false},"author":1,"featured_media":450,"parent":0,"menu_order":0,"comment_status":"closed","ping_status":"closed","template":"","meta":{"_et_pb_use_builder":"on","_et_pb_old_content":"","_et_gb_content_width":"","footnotes":""},"class_list":["post-1079","page","type-page","status-publish","has-post-thumbnail","hentry"],"_links":{"self":[{"href":"https:\/\/vik.es\/llv\/wp-json\/wp\/v2\/pages\/1079","targetHints":{"allow":["GET"]}}],"collection":[{"href":"https:\/\/vik.es\/llv\/wp-json\/wp\/v2\/pages"}],"about":[{"href":"https:\/\/vik.es\/llv\/wp-json\/wp\/v2\/types\/page"}],"author":[{"embeddable":true,"href":"https:\/\/vik.es\/llv\/wp-json\/wp\/v2\/users\/1"}],"replies":[{"embeddable":true,"href":"https:\/\/vik.es\/llv\/wp-json\/wp\/v2\/comments?post=1079"}],"version-history":[{"count":118,"href":"https:\/\/vik.es\/llv\/wp-json\/wp\/v2\/pages\/1079\/revisions"}],"predecessor-version":[{"id":5704,"href":"https:\/\/vik.es\/llv\/wp-json\/wp\/v2\/pages\/1079\/revisions\/5704"}],"wp:featuredmedia":[{"embeddable":true,"href":"https:\/\/vik.es\/llv\/wp-json\/wp\/v2\/media\/450"}],"wp:attachment":[{"href":"https:\/\/vik.es\/llv\/wp-json\/wp\/v2\/media?parent=1079"}],"curies":[{"name":"wp","href":"https:\/\/api.w.org\/{rel}","templated":true}]}}