{"id":4601,"date":"2021-04-07T13:01:27","date_gmt":"2021-04-07T11:01:27","guid":{"rendered":"https:\/\/vik.es\/llv\/?page_id=4601"},"modified":"2021-04-13T09:42:30","modified_gmt":"2021-04-13T07:42:30","slug":"eventos","status":"publish","type":"page","link":"https:\/\/vik.es\/llv\/eventos","title":{"rendered":"Eventos"},"content":{"rendered":"<p>[et_pb_section fb_built=\u00bb1&#8243; custom_padding_last_edited=\u00bbon|phone\u00bb admin_label=\u00bbT\u00edtulo eventos\u00bb _builder_version=\u00bb4.8.1&#8243; background_color=\u00bb#2192d6&#8243; background_enable_image=\u00bboff\u00bb background_position=\u00bbbottom_left\u00bb width=\u00bb100%\u00bb max_width=\u00bb100%\u00bb custom_padding=\u00bb53.625px|0px|0px|0|false|false\u00bb custom_padding_tablet=\u00bb\u00bb custom_padding_phone=\u00bb0px||||false|false\u00bb top_divider_height=\u00bb50px\u00bb top_divider_flip=\u00bbhorizontal\u00bb collapsed=\u00bboff\u00bb][et_pb_row column_structure=\u00bb1_4,3_4&#8243; custom_padding_last_edited=\u00bbon|phone\u00bb _builder_version=\u00bb4.8.1&#8243; background_enable_color=\u00bboff\u00bb background_enable_image=\u00bboff\u00bb width=\u00bb100%\u00bb max_width=\u00bb100%\u00bb custom_margin=\u00bb-29px|auto||auto||\u00bb custom_margin_tablet=\u00bb|||10%\u00bb custom_margin_phone=\u00bb|||0%|false|false\u00bb custom_margin_last_edited=\u00bbon|phone\u00bb custom_padding=\u00bb0px|60px|0px|60px|true|true\u00bb custom_padding_tablet=\u00bb\u00bb custom_padding_phone=\u00bb1px|30px|1px|30px|true|true\u00bb border_radii=\u00bbon|6px|6px|6px|6px\u00bb locked=\u00bboff\u00bb collapsed=\u00bboff\u00bb][et_pb_column type=\u00bb1_4&#8243; _builder_version=\u00bb3.25&#8243; custom_padding=\u00bb|||\u00bb custom_padding__hover=\u00bb|||\u00bb][et_pb_text admin_label=\u00bbT\u00edtulo eventos\u00bb _builder_version=\u00bb4.8.1&#8243; _module_preset=\u00bbdefault\u00bb header_font=\u00bbRubik|700|||||||\u00bb header_text_color=\u00bb#ffffff\u00bb header_font_size=\u00bb44px\u00bb header_line_height=\u00bb1.4em\u00bb custom_margin=\u00bb73px|||||\u00bb custom_margin_tablet=\u00bb\u00bb custom_margin_phone=\u00bb15%||||false|false\u00bb custom_margin_last_edited=\u00bbon|phone\u00bb custom_padding=\u00bb3px|||||\u00bb custom_padding_tablet=\u00bb\u00bb custom_padding_phone=\u00bb\u00bb custom_padding_last_edited=\u00bbon|phone\u00bb header_font_size_tablet=\u00bb\u00bb header_font_size_phone=\u00bb24px\u00bb header_font_size_last_edited=\u00bbon|phone\u00bb]<\/p>\n<h1>Eventos<\/h1>\n<p>[\/et_pb_text][\/et_pb_column][et_pb_column type=\u00bb3_4&#8243; _builder_version=\u00bb3.25&#8243; custom_padding=\u00bb|||\u00bb custom_padding__hover=\u00bb|||\u00bb][et_pb_text _builder_version=\u00bb4.8.1&#8243; text_font=\u00bbRubik|300|||||||\u00bb text_text_color=\u00bbrgba(255,255,255,0.7)\u00bb text_line_height=\u00bb1.2em\u00bb header_font=\u00bbRubik|700|||||||\u00bb header_font_size=\u00bb40px\u00bb header_line_height=\u00bb1.4em\u00bb header_2_font=\u00bbRubik|700|||||||\u00bb header_2_font_size=\u00bb30px\u00bb header_6_font=\u00bbMontserrat|600||on|||||\u00bb header_6_text_color=\u00bbrgba(255,255,255,0.7)\u00bb header_6_font_size=\u00bb16px\u00bb header_6_letter_spacing=\u00bb2px\u00bb header_6_line_height=\u00bb1.5em\u00bb background_color=\u00bb#5a9eff\u00bb background_layout=\u00bbdark\u00bb width_tablet=\u00bb\u00bb width_phone=\u00bb95.9%\u00bb width_last_edited=\u00bbon|phone\u00bb max_width=\u00bb100%\u00bb module_alignment=\u00bbcenter\u00bb custom_margin=\u00bb||||false|false\u00bb custom_padding=\u00bb50px|50px|50px|50px|false|false\u00bb custom_padding_tablet=\u00bb\u00bb custom_padding_phone=\u00bb50px|5%|50px|5%|false|false\u00bb custom_padding_last_edited=\u00bbon|phone\u00bb text_font_size_tablet=\u00bb\u00bb text_font_size_phone=\u00bb20px\u00bb text_font_size_last_edited=\u00bbon|phone\u00bb header_font_size_tablet=\u00bb40px\u00bb header_font_size_phone=\u00bb40px\u00bb header_font_size_last_edited=\u00bbon|phone\u00bb header_2_font_size_tablet=\u00bb30px\u00bb header_2_font_size_phone=\u00bb30px\u00bb header_2_font_size_last_edited=\u00bbon|phone\u00bb border_radii=\u00bbon|20px|20px|20px|20px\u00bb saved_tabs=\u00bball\u00bb]Este espacio de nuestra web quiere ser un puente con nuestros socios y visitantes y con las instituciones con las que la Liga ha tejido, a lo largo de los a\u00f1os, relaciones s\u00f3lidas de colaboraci\u00f3n. Con \u00e9l, queremos promover el intercambio formativo e informativo, dando a conocer los cursos, charlas, conferencias y encuentros en los que la Liga participa, aquellos que organiza y los que organizan nuestros socios y amigos a lo largo del territorio.[\/et_pb_text][\/et_pb_column][\/et_pb_row][\/et_pb_section][et_pb_section fb_built=\u00bb1&#8243; admin_label=\u00bbEventos\u00bb _builder_version=\u00bb4.8.1&#8243; background_color=\u00bb#2192d6&#8243; background_enable_image=\u00bboff\u00bb background_position=\u00bbbottom_left\u00bb width=\u00bb100%\u00bb max_width=\u00bb100%\u00bb custom_padding=\u00bb20.6px|0px|53.625px|0|false|false\u00bb top_divider_height=\u00bb50px\u00bb top_divider_flip=\u00bbhorizontal\u00bb collapsed=\u00bboff\u00bb][et_pb_row custom_padding_last_edited=\u00bbon|phone\u00bb _builder_version=\u00bb4.8.1&#8243; background_enable_color=\u00bboff\u00bb background_enable_image=\u00bboff\u00bb width=\u00bb100%\u00bb max_width=\u00bb100%\u00bb custom_margin=\u00bb-13px|auto||auto||\u00bb custom_margin_tablet=\u00bb|||10%\u00bb custom_padding=\u00bb0px|60px|0px|60px|true|true\u00bb custom_padding_tablet=\u00bb\u00bb custom_padding_phone=\u00bb1px|30px|1px|30px|true|true\u00bb border_radii=\u00bbon|6px|6px|6px|6px\u00bb locked=\u00bboff\u00bb][et_pb_column type=\u00bb4_4&#8243; _builder_version=\u00bb3.25&#8243; custom_padding=\u00bb|||\u00bb custom_padding__hover=\u00bb|||\u00bb][et_pb_blog fullwidth=\u00bboff\u00bb posts_number=\u00bb30&#8243; include_categories=\u00bb26&#8243; use_manual_excerpt=\u00bboff\u00bb show_author=\u00bboff\u00bb show_date=\u00bboff\u00bb show_categories=\u00bboff\u00bb show_excerpt=\u00bboff\u00bb masonry_tile_background_color=\u00bb#2192d6&#8243; admin_label=\u00bbEventos\u00bb module_id=\u00bbpublicaciones\u00bb module_class=\u00bbcuatro_cuadros\u00bb _builder_version=\u00bb4.8.1&#8243; _module_preset=\u00bbdefault\u00bb header_font=\u00bbRubik||||||||\u00bb header_text_color=\u00bb#ffffff\u00bb header_font_size=\u00bb22px\u00bb background_enable_color=\u00bboff\u00bb link_option_url_new_window=\u00bbon\u00bb custom_css_main_element=\u00bb||\u00bb border_width_all=\u00bb0px\u00bb box_shadow_style=\u00bbpreset2&#8243; custom_css_main_element_last_edited=\u00bbon|desktop\u00bb][\/et_pb_blog][\/et_pb_column][\/et_pb_row][\/et_pb_section]<\/p>\n","protected":false},"excerpt":{"rendered":"<p>[et_pb_section fb_built=\u00bb1&#8243; custom_padding_last_edited=\u00bbon|phone\u00bb admin_label=\u00bbT\u00edtulo eventos\u00bb _builder_version=\u00bb4.8.1&#8243; background_color=\u00bb#2192d6&#8243; background_enable_image=\u00bboff\u00bb background_position=\u00bbbottom_left\u00bb width=\u00bb100%\u00bb max_width=\u00bb100%\u00bb custom_padding=\u00bb53.625px|0px|0px|0|false|false\u00bb custom_padding_tablet=\u00bb\u00bb custom_padding_phone=\u00bb0px||||false|false\u00bb top_divider_height=\u00bb50px\u00bb top_divider_flip=\u00bbhorizontal\u00bb collapsed=\u00bboff\u00bb][et_pb_row column_structure=\u00bb1_4,3_4&#8243; custom_padding_last_edited=\u00bbon|phone\u00bb _builder_version=\u00bb4.8.1&#8243; background_enable_color=\u00bboff\u00bb background_enable_image=\u00bboff\u00bb width=\u00bb100%\u00bb max_width=\u00bb100%\u00bb custom_margin=\u00bb-29px|auto||auto||\u00bb custom_margin_tablet=\u00bb|||10%\u00bb custom_margin_phone=\u00bb|||0%|false|false\u00bb custom_margin_last_edited=\u00bbon|phone\u00bb custom_padding=\u00bb0px|60px|0px|60px|true|true\u00bb custom_padding_tablet=\u00bb\u00bb custom_padding_phone=\u00bb1px|30px|1px|30px|true|true\u00bb border_radii=\u00bbon|6px|6px|6px|6px\u00bb locked=\u00bboff\u00bb collapsed=\u00bboff\u00bb][et_pb_column type=\u00bb1_4&#8243; _builder_version=\u00bb3.25&#8243; custom_padding=\u00bb|||\u00bb custom_padding__hover=\u00bb|||\u00bb][et_pb_text admin_label=\u00bbT\u00edtulo eventos\u00bb _builder_version=\u00bb4.8.1&#8243; _module_preset=\u00bbdefault\u00bb header_font=\u00bbRubik|700|||||||\u00bb header_text_color=\u00bb#ffffff\u00bb header_font_size=\u00bb44px\u00bb header_line_height=\u00bb1.4em\u00bb custom_margin=\u00bb73px|||||\u00bb custom_margin_tablet=\u00bb\u00bb custom_margin_phone=\u00bb15%||||false|false\u00bb custom_margin_last_edited=\u00bbon|phone\u00bb custom_padding=\u00bb3px|||||\u00bb custom_padding_tablet=\u00bb\u00bb custom_padding_phone=\u00bb\u00bb custom_padding_last_edited=\u00bbon|phone\u00bb header_font_size_tablet=\u00bb\u00bb [&hellip;]<\/p>\n","protected":false},"author":1,"featured_media":0,"parent":0,"menu_order":0,"comment_status":"closed","ping_status":"closed","template":"","meta":{"_et_pb_use_builder":"on","_et_pb_old_content":"","_et_gb_content_width":"","footnotes":""},"class_list":["post-4601","page","type-page","status-publish","hentry"],"_links":{"self":[{"href":"https:\/\/vik.es\/llv\/wp-json\/wp\/v2\/pages\/4601","targetHints":{"allow":["GET"]}}],"collection":[{"href":"https:\/\/vik.es\/llv\/wp-json\/wp\/v2\/pages"}],"about":[{"href":"https:\/\/vik.es\/llv\/wp-json\/wp\/v2\/types\/page"}],"author":[{"embeddable":true,"href":"https:\/\/vik.es\/llv\/wp-json\/wp\/v2\/users\/1"}],"replies":[{"embeddable":true,"href":"https:\/\/vik.es\/llv\/wp-json\/wp\/v2\/comments?post=4601"}],"version-history":[{"count":15,"href":"https:\/\/vik.es\/llv\/wp-json\/wp\/v2\/pages\/4601\/revisions"}],"predecessor-version":[{"id":5380,"href":"https:\/\/vik.es\/llv\/wp-json\/wp\/v2\/pages\/4601\/revisions\/5380"}],"wp:attachment":[{"href":"https:\/\/vik.es\/llv\/wp-json\/wp\/v2\/media?parent=4601"}],"curies":[{"name":"wp","href":"https:\/\/api.w.org\/{rel}","templated":true}]}}