{"id":4952,"date":"2021-04-08T17:37:31","date_gmt":"2021-04-08T15:37:31","guid":{"rendered":"https:\/\/vik.es\/llv\/?page_id=4952"},"modified":"2021-04-08T17:37:34","modified_gmt":"2021-04-08T15:37:34","slug":"politica-de-cookies","status":"publish","type":"page","link":"https:\/\/vik.es\/llv\/politica-de-cookies","title":{"rendered":"Pol\u00edtica de cookies"},"content":{"rendered":"<p>[et_pb_section fb_built=\u00bb1&#8243; custom_padding_last_edited=\u00bbon|phone\u00bb admin_label=\u00bbPolitica de cookies\u00bb _builder_version=\u00bb4.8.1&#8243; background_color=\u00bb#2192d6&#8243; background_enable_image=\u00bboff\u00bb background_position=\u00bbbottom_left\u00bb width=\u00bb100%\u00bb width_tablet=\u00bb\u00bb width_phone=\u00bb100%\u00bb width_last_edited=\u00bbon|phone\u00bb max_width=\u00bb100%\u00bb custom_padding=\u00bb53.625px|0px|53.625px|0|false|false\u00bb custom_padding_tablet=\u00bb\u00bb custom_padding_phone=\u00bb5%||5%||false|false\u00bb top_divider_height=\u00bb50px\u00bb top_divider_flip=\u00bbhorizontal\u00bb hover_enabled=\u00bb0&#8243; collapsed=\u00bboff\u00bb sticky_enabled=\u00bb0&#8243;][et_pb_row custom_padding_last_edited=\u00bbon|phone\u00bb _builder_version=\u00bb4.8.1&#8243; background_enable_color=\u00bboff\u00bb background_enable_image=\u00bboff\u00bb width=\u00bb100%\u00bb width_tablet=\u00bb100%\u00bb width_phone=\u00bb100%\u00bb width_last_edited=\u00bbon|tablet\u00bb max_width=\u00bb100%\u00bb custom_margin=\u00bb40px||||false|false\u00bb custom_margin_tablet=\u00bb|||10%\u00bb custom_margin_phone=\u00bb0px|||0%|false|false\u00bb custom_margin_last_edited=\u00bbon|phone\u00bb custom_padding=\u00bb0px|60px|0px|60px|true|true\u00bb custom_padding_tablet=\u00bb\u00bb custom_padding_phone=\u00bb0px|0px|0px|0px|true|true\u00bb border_radii=\u00bbon|6px|6px|6px|6px\u00bb locked=\u00bboff\u00bb][et_pb_column type=\u00bb4_4&#8243; _builder_version=\u00bb3.25&#8243; custom_padding=\u00bb|||\u00bb custom_padding__hover=\u00bb|||\u00bb][et_pb_text _builder_version=\u00bb4.8.1&#8243; text_font=\u00bbRubik|300|||||||\u00bb text_text_color=\u00bbrgba(255,255,255,0.7)\u00bb text_line_height=\u00bb1.2em\u00bb header_font=\u00bbRubik|700|||||||\u00bb header_font_size=\u00bb44px\u00bb header_line_height=\u00bb1.4em\u00bb header_2_font=\u00bbRubik|700|||||||\u00bb header_2_font_size=\u00bb40px\u00bb header_6_font=\u00bbMontserrat|600||on|||||\u00bb header_6_text_color=\u00bbrgba(255,255,255,0.7)\u00bb header_6_font_size=\u00bb16px\u00bb header_6_letter_spacing=\u00bb2px\u00bb header_6_line_height=\u00bb1.5em\u00bb background_layout=\u00bbdark\u00bb max_width=\u00bb70%\u00bb module_alignment=\u00bbcenter\u00bb custom_margin=\u00bb||||false|false\u00bb custom_padding_tablet=\u00bb\u00bb custom_padding_phone=\u00bb|5%||5%|false|false\u00bb custom_padding_last_edited=\u00bbon|phone\u00bb hover_enabled=\u00bb0&#8243; text_font_size_tablet=\u00bb\u00bb text_font_size_phone=\u00bb20px\u00bb text_font_size_last_edited=\u00bbon|phone\u00bb header_font_size_tablet=\u00bb\u00bb header_font_size_phone=\u00bb28px\u00bb header_font_size_last_edited=\u00bbon|phone\u00bb sticky_enabled=\u00bb0&#8243;]<\/p>\n<h1>Pol\u00edtica de cookies<\/h1>\n<p style=\"font-weight: 400;\">Esta Pol\u00edtica de Cookies es parte integrante de las Condiciones Generales y la Pol\u00edtica de Privacidad de esta web. El acceso y la navegaci\u00f3n en el sitio, o el uso de los servicios del mismo, implican la aceptaci\u00f3n de las Condiciones Generales (y por tanto de la Pol\u00edtica de Privacidad y Pol\u00edtica de Cookies). Por favor, l\u00e9elas atentamente.\u00a0<\/p>\n<p style=\"font-weight: 400;\">Te agradecemos que hayas decidido visitarnos. Queremos que tu experiencia en el sitio sea lo mejor posible, y por ese motivo hemos escrito esta Pol\u00edtica de Cookies de la forma m\u00e1s transparente posible.\u00a0<\/p>\n<p style=\"font-weight: 400;\"><b>\u00bfQu\u00e9s es una cookie?<\/b><\/p>\n<p style=\"font-weight: 400;\">Las cookies son archivos que contienen peque\u00f1as cantidades de informaci\u00f3n que se descargan en el dispositivo del usuario que se utiliza cuando visitas un sitio web. Su finalidad principal es reconocer al usuario cada vez que accede y nos permite, adem\u00e1s, mejorar la calidad y la usabilidad de nuestra web.\u00a0<\/p>\n<p style=\"font-weight: 400;\">Las cookies son esenciales para el funcionamiento de Internet; no pueden da\u00f1ar el equipo\/dispositivo del usuario y, si se encuentran activadas en la configuraci\u00f3n de tu navegador, nos ayudan a identificar y resolver posibles errores de funcionamiento de http:\/\/www.vacunacionlibre.org<\/p>\n<p style=\"font-weight: 400;\">\n<p style=\"font-weight: 400;\"><b>Tipo de cookies<\/b><\/p>\n<p style=\"font-weight: 400;\">Hay diferentes tipos de cookies. Todos ellos trabajan de la misma manera, pero tienen peque\u00f1as diferencias:\u00a0<\/p>\n<ol>\n<li style=\"font-weight: 400;\">a) Cookies de Sesi\u00f3n: Las cookies de sesi\u00f3n duran solamente por la duraci\u00f3n de tu visita y se borran cuando cierras el navegador. Su finalidad principal es identificar el tipo de dispositivo, apoyar la seguridad sitio web o su funcionalidad b\u00e1sica. No contienen informaci\u00f3n personal que nos permita identificar a una persona.<\/li>\n<li style=\"font-weight: 400;\">b) Cookies Persistentes o Permanentes: Se almacenan en el disco duro del dispositivo y nuestra web las lee cada vez que realizas una nueva visita a la web; posee una fecha de caducidad o expiraci\u00f3n determinada, cumplida la cual la cookie deja de funcionar. Nos permiten identificar tus acciones y preferencias; analizar las visitas y nos ayudan a comprender c\u00f3mo llegan los usuarios a nuestra p\u00e1gina y mejorar nuestros servicios.<\/li>\n<li style=\"font-weight: 400;\">c) Cookies de Funcionalidad: Permiten a recordar decisiones adoptadas por el usuario, como su login o identificador. La informaci\u00f3n que estas cookies recogen se anonimiza (es decir, no contiene ni tu nombre, direcci\u00f3n, u otros datos).<\/li>\n<li style=\"font-weight: 400;\">d) Cookies de Terceros: Las cookies de terceros son las cookies que instala un sitio web que no es el que est\u00e1s visitando; por ejemplo, las usadas por redes sociales (como Facebook) o por complementos externos de contenido (como Google Maps). Adem\u00e1s, algunas empresas de publicidad usan este tipo de archivos para realizar un seguimiento de tus visitas en cada sitio en el que se anuncian.<\/li>\n<li style=\"font-weight: 400;\">e) Cookies Anal\u00edticas: Son cookies que tienen por finalidad el mantenimiento peri\u00f3dico y garantizar el mejor funcionamiento y servicio al usuario; recopilando datos de tu actividad.<\/li>\n<\/ol>\n<p style=\"font-weight: 400;\">\n<p style=\"font-weight: 400;\"><b>Uso de cookies por parte de LA LIGA<\/b><\/p>\n<p style=\"font-weight: 400;\">\n<p style=\"font-weight: 400;\">Mediante el acceso a la web, aceptas de manera expresa que podamos usar este tipo de cookies en tus dispositivos. Si desactivas las cookies, puede que tu navegaci\u00f3n por no sea \u00f3ptima y algunas de las utilidades que dispone no funcionen correctamente.\u00a0<\/p>\n<p style=\"font-weight: 400;\">Ninguna cookie puede contactarse con tu n\u00famero de tel\u00e9fono, tu direcci\u00f3n de correo electr\u00f3nico o con cualquier otro medio de contacto, ni extraer informaci\u00f3n de tu disco duro o robar informaci\u00f3n personal.\u00a0<\/p>\n<p style=\"font-weight: 400;\">\n<p style=\"font-weight: 400;\"><b>Cookies que utiliza LA LIGA<\/b><\/p>\n<p style=\"font-weight: 400;\">\n<p style=\"font-weight: 400;\">\n<table>\n<tbody>\n<tr>\n<td>\n<p><b>Cookie<\/b><\/p>\n<\/td>\n<td>\n<p>Tipo\/Titularidad<\/p>\n<\/td>\n<td>\n<p>Temporalidad<\/p>\n<\/td>\n<td>\n<p>Finalidad<\/p>\n<\/td>\n<\/tr>\n<tr>\n<td>\n<p><b>Google Analytics:<\/b><\/p>\n<ul>\n<li aria-level=\"1\">_ga<\/li>\n<li aria-level=\"1\">_gat<\/li>\n<li aria-level=\"1\">_gid<\/li>\n<li aria-level=\"1\">Otras posibles cookies a cargar por el servicio de monitorizaci\u00f3n de visitas de<\/li>\n<\/ul>\n<\/td>\n<td>\n<p>Anal\u00edtica \/ Ajena<\/p>\n<\/td>\n<td>\n<p>Permanente<br \/>Temporal<\/p>\n<\/td>\n<td>\n<p>Generar un identificador de usuario \u00fanico, que es el que se utiliza para hacer recuento de cu\u00e1ntas veces visita el sitio un usuario, as\u00ed como la fecha de la primera y la \u00faltima vez que visit\u00f3 la web. Registrar la fecha y hora de acceso a cualquiera de las p\u00e1ginas del Sitio. Comprobar la necesidad de mantener la sesi\u00f3n de un usuario abierta o crear una nueva. Identificar la sesi\u00f3n del usuario, para recoger la ubicaci\u00f3n geogr\u00e1fica aproximada del ordenador que accede al Sitio con efectos estad\u00edsticos.<\/p>\n<\/td>\n<\/tr>\n<tr>\n<td>\n<p><b>Aviso de Cookies:<\/b><\/p>\n<ul>\n<li aria-level=\"1\">cb-enabled2<\/li>\n<\/ul>\n<\/td>\n<td>\n<p>T\u00e9cnica<\/p>\n<\/td>\n<td>\n<p>Temporal<br \/>Propia<\/p>\n<\/td>\n<td>\n<p>Control de aparici\u00f3n y aceptaci\u00f3n para el aviso de cookies.<\/p>\n<\/td>\n<\/tr>\n<tr>\n<td>\n<p><b>Cookies de sesi\u00f3n:<\/b><\/p>\n<ul>\n<li aria-level=\"1\">SESSXXXXXX<\/li>\n<\/ul>\n<\/td>\n<td>\n<p>T\u00e9cnica<\/p>\n<\/td>\n<td>\n<p>Temporal<br \/>Propia<\/p>\n<\/td>\n<td>\n<p>Almacenar un identificador \u00fanico de sesi\u00f3n para el correcto funcionamiento del portal. Las \u00abX\u00bb representan valores aleatorios<\/p>\n<\/td>\n<\/tr>\n<tr>\n<td>\n<p><b>YouTube<\/b><\/p>\n<\/td>\n<td>\n<p>Social<\/p>\n<\/td>\n<td>\n<p>Temporal<br \/>Ajena<\/p>\n<\/td>\n<td>\n<p>Cookies para la integraci\u00f3n del servicio YouTube en el portal.<\/p>\n<\/td>\n<\/tr>\n<tr>\n<td>\n<p><b>Twitter<\/b><\/p>\n<\/td>\n<td>\n<p>Social<\/p>\n<\/td>\n<td>\n<p>Temporal<br \/>Ajena<\/p>\n<\/td>\n<td>\n<p>Cookie utilizada por el widget de visualizaci\u00f3n de tweets.<\/p>\n<\/td>\n<\/tr>\n<tr>\n<td>\n<p><b>Sharethis<\/b><\/p>\n<\/td>\n<td>\n<p>Social<\/p>\n<\/td>\n<td>\n<p>Temporal<br \/>Ajena<\/p>\n<\/td>\n<td>\n<p>Cookies para la integraci\u00f3n del servicio de ShareThis para compartir en redes sociales<\/p>\n<\/td>\n<\/tr>\n<tr>\n<td>\n<p><b>Vimeo<\/b><\/p>\n<\/td>\n<td>\n<p>Social<\/p>\n<\/td>\n<td>\n<p>Temporal<br \/>Ajena<\/p>\n<\/td>\n<td>\n<p>Cookies para la integraci\u00f3n del servicio Vimeo en el portal.<\/p>\n<\/td>\n<\/tr>\n<\/tbody>\n<\/table>\n<p style=\"font-weight: 400;\">\n<p style=\"font-weight: 400;\">\n<p style=\"font-weight: 400;\"><b>C\u00f3mo modificar la configuraci\u00f3n de las cookies<\/b><\/p>\n<p style=\"font-weight: 400;\">Puedes restringir, bloquear o borrar las cookies de LA LIGA o cualquier otra p\u00e1gina web, utilizando su navegador. En cada navegador la operativa es diferente, la funci\u00f3n de &#8216;Ayuda\u00bb le mostrar\u00e1 c\u00f3mo hacerlo.<\/p>\n<p style=\"font-weight: 400;\">\n<ul style=\"font-weight: 400;\">\n<li aria-level=\"1\">Internet Explorer: <a href=\"http:\/\/windows.microsoft.com\/es-xl\/internet-explorer\/delete-manage-cookies#ie=\">windows.microsoft.com\/es-xl\/internet-explorer\/delete-manage-cookies#ie=\u00bbie-10&#8243;<\/a><\/li>\n<li aria-level=\"1\">Microsoft Edge: <a href=\"https:\/\/support.microsoft.com\/es-es\/help\/4468242\/microsoft-edge-browsing-data-and-privacy-microsoft-privacy\">support.microsoft.com\/es-es\/help\/4468242\/microsoft-edge-browsing-data-and-privacy-microsoft-privacy<\/a><\/li>\n<li aria-level=\"1\">FireFox: <a href=\"http:\/\/support.mozilla.org\/es\/kb\/Borrar%20cookies\">support.mozilla.org\/es\/kb\/Borrar%20cookies\u00a0<\/a><\/li>\n<li aria-level=\"1\">Chrome: <a href=\"http:\/\/support.google.com\/chrome\/answer\/95647?hl=\">support.google.com\/chrome\/answer\/95647?hl=\u00bbes\u00bb<\/a><\/li>\n<li aria-level=\"1\">Safari: <a href=\"http:\/\/www.apple.com\/es\/privacy\/use-of-cookies\/\">www.apple.com\/es\/privacy\/use-of-cookies\/<\/a><\/li>\n<\/ul>\n<p>[\/et_pb_text][\/et_pb_column][\/et_pb_row][\/et_pb_section]<\/p>\n","protected":false},"excerpt":{"rendered":"<p>[et_pb_section fb_built=\u00bb1&#8243; custom_padding_last_edited=\u00bbon|phone\u00bb admin_label=\u00bbPolitica de cookies\u00bb _builder_version=\u00bb4.8.1&#8243; background_color=\u00bb#2192d6&#8243; background_enable_image=\u00bboff\u00bb background_position=\u00bbbottom_left\u00bb width=\u00bb100%\u00bb width_tablet=\u00bb\u00bb width_phone=\u00bb100%\u00bb width_last_edited=\u00bbon|phone\u00bb max_width=\u00bb100%\u00bb custom_padding=\u00bb53.625px|0px|53.625px|0|false|false\u00bb custom_padding_tablet=\u00bb\u00bb custom_padding_phone=\u00bb5%||5%||false|false\u00bb top_divider_height=\u00bb50px\u00bb top_divider_flip=\u00bbhorizontal\u00bb hover_enabled=\u00bb0&#8243; collapsed=\u00bboff\u00bb sticky_enabled=\u00bb0&#8243;][et_pb_row custom_padding_last_edited=\u00bbon|phone\u00bb _builder_version=\u00bb4.8.1&#8243; background_enable_color=\u00bboff\u00bb background_enable_image=\u00bboff\u00bb width=\u00bb100%\u00bb width_tablet=\u00bb100%\u00bb width_phone=\u00bb100%\u00bb width_last_edited=\u00bbon|tablet\u00bb max_width=\u00bb100%\u00bb custom_margin=\u00bb40px||||false|false\u00bb custom_margin_tablet=\u00bb|||10%\u00bb custom_margin_phone=\u00bb0px|||0%|false|false\u00bb custom_margin_last_edited=\u00bbon|phone\u00bb custom_padding=\u00bb0px|60px|0px|60px|true|true\u00bb custom_padding_tablet=\u00bb\u00bb custom_padding_phone=\u00bb0px|0px|0px|0px|true|true\u00bb border_radii=\u00bbon|6px|6px|6px|6px\u00bb locked=\u00bboff\u00bb][et_pb_column type=\u00bb4_4&#8243; _builder_version=\u00bb3.25&#8243; custom_padding=\u00bb|||\u00bb custom_padding__hover=\u00bb|||\u00bb][et_pb_text _builder_version=\u00bb4.8.1&#8243; text_font=\u00bbRubik|300|||||||\u00bb text_text_color=\u00bbrgba(255,255,255,0.7)\u00bb text_line_height=\u00bb1.2em\u00bb header_font=\u00bbRubik|700|||||||\u00bb header_font_size=\u00bb44px\u00bb header_line_height=\u00bb1.4em\u00bb header_2_font=\u00bbRubik|700|||||||\u00bb header_2_font_size=\u00bb40px\u00bb header_6_font=\u00bbMontserrat|600||on|||||\u00bb [&hellip;]<\/p>\n","protected":false},"author":1,"featured_media":0,"parent":0,"menu_order":0,"comment_status":"closed","ping_status":"closed","template":"","meta":{"_et_pb_use_builder":"on","_et_pb_old_content":"","_et_gb_content_width":"","footnotes":""},"class_list":["post-4952","page","type-page","status-publish","hentry"],"_links":{"self":[{"href":"https:\/\/vik.es\/llv\/wp-json\/wp\/v2\/pages\/4952","targetHints":{"allow":["GET"]}}],"collection":[{"href":"https:\/\/vik.es\/llv\/wp-json\/wp\/v2\/pages"}],"about":[{"href":"https:\/\/vik.es\/llv\/wp-json\/wp\/v2\/types\/page"}],"author":[{"embeddable":true,"href":"https:\/\/vik.es\/llv\/wp-json\/wp\/v2\/users\/1"}],"replies":[{"embeddable":true,"href":"https:\/\/vik.es\/llv\/wp-json\/wp\/v2\/comments?post=4952"}],"version-history":[{"count":2,"href":"https:\/\/vik.es\/llv\/wp-json\/wp\/v2\/pages\/4952\/revisions"}],"predecessor-version":[{"id":4955,"href":"https:\/\/vik.es\/llv\/wp-json\/wp\/v2\/pages\/4952\/revisions\/4955"}],"wp:attachment":[{"href":"https:\/\/vik.es\/llv\/wp-json\/wp\/v2\/media?parent=4952"}],"curies":[{"name":"wp","href":"https:\/\/api.w.org\/{rel}","templated":true}]}}