{"id":4956,"date":"2021-04-08T17:39:18","date_gmt":"2021-04-08T15:39:18","guid":{"rendered":"https:\/\/vik.es\/llv\/?page_id=4956"},"modified":"2021-04-22T13:00:04","modified_gmt":"2021-04-22T11:00:04","slug":"politica-de-privacidad","status":"publish","type":"page","link":"https:\/\/vik.es\/llv\/politica-de-privacidad","title":{"rendered":"Pol\u00edtica de privacidad"},"content":{"rendered":"<p>[et_pb_section fb_built=\u00bb1&#8243; custom_padding_last_edited=\u00bbon|phone\u00bb admin_label=\u00bbPolitica de privacidad\u00bb _builder_version=\u00bb4.8.1&#8243; background_color=\u00bb#2192d6&#8243; background_enable_image=\u00bboff\u00bb background_position=\u00bbbottom_left\u00bb width=\u00bb100%\u00bb width_tablet=\u00bb\u00bb width_phone=\u00bb100%\u00bb width_last_edited=\u00bbon|phone\u00bb max_width=\u00bb100%\u00bb custom_padding=\u00bb53.625px|0px|53.625px|0|false|false\u00bb custom_padding_tablet=\u00bb\u00bb custom_padding_phone=\u00bb5%||5%||false|false\u00bb top_divider_height=\u00bb50px\u00bb top_divider_flip=\u00bbhorizontal\u00bb collapsed=\u00bboff\u00bb][et_pb_row custom_padding_last_edited=\u00bbon|phone\u00bb _builder_version=\u00bb4.8.1&#8243; background_enable_color=\u00bboff\u00bb background_enable_image=\u00bboff\u00bb width=\u00bb100%\u00bb width_tablet=\u00bb100%\u00bb width_phone=\u00bb100%\u00bb width_last_edited=\u00bbon|tablet\u00bb max_width=\u00bb100%\u00bb custom_margin=\u00bb40px||||false|false\u00bb custom_margin_tablet=\u00bb|||10%\u00bb custom_margin_phone=\u00bb0px|||0%|false|false\u00bb custom_margin_last_edited=\u00bbon|phone\u00bb custom_padding=\u00bb0px|60px|0px|60px|true|true\u00bb custom_padding_tablet=\u00bb\u00bb custom_padding_phone=\u00bb0px|0px|0px|0px|true|true\u00bb border_radii=\u00bbon|6px|6px|6px|6px\u00bb locked=\u00bboff\u00bb][et_pb_column type=\u00bb4_4&#8243; _builder_version=\u00bb3.25&#8243; custom_padding=\u00bb|||\u00bb custom_padding__hover=\u00bb|||\u00bb][et_pb_text _builder_version=\u00bb4.8.1&#8243; text_font=\u00bbRubik|300|||||||\u00bb text_text_color=\u00bbrgba(255,255,255,0.7)\u00bb text_line_height=\u00bb1.2em\u00bb header_font=\u00bbRubik|700|||||||\u00bb header_font_size=\u00bb44px\u00bb header_line_height=\u00bb1.4em\u00bb header_2_font=\u00bbRubik|700|||||||\u00bb header_2_font_size=\u00bb40px\u00bb header_6_font=\u00bbMontserrat|600||on|||||\u00bb header_6_text_color=\u00bbrgba(255,255,255,0.7)\u00bb header_6_font_size=\u00bb16px\u00bb header_6_letter_spacing=\u00bb2px\u00bb header_6_line_height=\u00bb1.5em\u00bb background_layout=\u00bbdark\u00bb max_width=\u00bb70%\u00bb module_alignment=\u00bbcenter\u00bb custom_margin=\u00bb||||false|false\u00bb custom_padding_tablet=\u00bb\u00bb custom_padding_phone=\u00bb|5%||5%|false|false\u00bb custom_padding_last_edited=\u00bbon|phone\u00bb hover_enabled=\u00bb0&#8243; text_font_size_tablet=\u00bb\u00bb text_font_size_phone=\u00bb20px\u00bb text_font_size_last_edited=\u00bbon|phone\u00bb header_font_size_tablet=\u00bb\u00bb header_font_size_phone=\u00bb28px\u00bb header_font_size_last_edited=\u00bbon|phone\u00bb sticky_enabled=\u00bb0&#8243;]<\/p>\n<h1>Pol\u00edtica de privacidad<\/h1>\n<p>Los datos personales son cierta informaci\u00f3n de una persona f\u00edsica que permiten identificarla de alg\u00fan modo, localizarla por alg\u00fan medio o ponerse en contacto con ella. Por ejemplo, el nombre, el documento de identidad, el tel\u00e9fono o el correo electr\u00f3nico son datos personales. La ley obliga a aquellos que usen este tipo de datos a tomar ciertas medidas para protegerlos. En esta declaraci\u00f3n de privacidad te explicamos c\u00f3mo LA LIGA PARA LA LIBERTAD DE VACUNACI\u00d3N (en adelante LA LIGA) protege y garantiza la seguridad de tus datos personales.<\/p>\n<h3>\u00a0<\/h3>\n<h3>Principios en los que basamos el uso de datos en LA LIGA<\/h3>\n<p><span class=\"numeracop\">1<\/span> LA LIGA no comercializa, ni comercializar\u00e1, en ning\u00fan caso los datos recogidos a trav\u00e9s de nuestra p\u00e1gina web.<\/p>\n<p><span class=\"numeracop\">2<\/span> LA LIGA no intercambia datos con ninguna organizaci\u00f3n con o sin \u00e1nimo de lucro.<\/p>\n<p><span class=\"numeracop\">3<\/span>LA LIGA pone todos los medios disponibles a su alcance para que los datos recogidos est\u00e9n seguros<\/p>\n<p><span class=\"numeracop\">4<\/span> El uso principal de los datos de aquellas personas que nos los facilitan es mantener a estas personas informadas de forma cr\u00edtica sobre las vacunas. Para ello ofrecemos descargas de contenidos generados por LA LIGA, enlaces de inter\u00e9s, invitaciones a participar como voluntario\/a, a afiliarse, a realizar donaciones y\u00a0 a participar en eventos.<\/p>\n<p>&nbsp;<\/p>\n<h3>\u00bfQui\u00e9n es el responsable del tratamiento de tus datos personales?<\/h3>\n<p>El responsable es:LA LIGA PARA LA LIBERTAD DE VACUNACI\u00d3N (en adelante\u00bbLA LIGA\u00bb) con domicilio en c\/ Llibertat 47 bjs 1\u00aa<\/p>\n<p>LA LIGA est\u00e1 inscrita en el registro nacional de asociaciones n\u00famero 107.435 (inscrita el 9 de marzo de 1992). Nuestro n\u00famero de identificaci\u00f3n fiscal es G59979070.<\/p>\n<p>En caso de duda o consulta sobre cualquier aspecto sobre privacidad puedes comunicarlo a la direcci\u00f3n electr\u00f3nica <a href=\"mailto:socios@vacunacionlibre.org\">socios@vacunacionlibre.org<\/a><\/p>\n<p>Si no est\u00e1s de acuerdo con esta declaraci\u00f3n de privacidad, por favor, no nos dejes tus datos.<\/p>\n<p>&nbsp;<\/p>\n<h3>\u00bfC\u00f3mo hemos obtenido tus datos de car\u00e1cter personal?<\/h3>\n<p>Tus datos de car\u00e1cter personal han sido obtenidos a trav\u00e9s de las relaciones previas que has mantenido con LA LIGA, o con motivo de las relaciones que mantienes actualmente con nuestra entidad, bien por tu condici\u00f3n de afiliado, por haber sido donante, haber participado en alguna de nuestras campa\u00f1as, ser o haber sido voluntario o colaborador o bien por haber solicitado que te remitamos informaci\u00f3n mediante los formularios de nuestra web (p\u00e1gina de contacto, newsletter, formulario de filiaci\u00f3n)<\/p>\n<p>&nbsp;<\/p>\n<h3>\u00bfQu\u00e9 datos personales tratamos?<\/h3>\n<p>Dependiendo de la naturaleza de nuestra relaci\u00f3n contigo, trataremos datos en mayor o menor medida, siendo estos necesarios, adecuados y pertinentes en todo caso, de acuerdo con la finalidad perseguida.<\/p>\n<p>En la p\u00e1gina web vacunacionlibre.org existen tres formularios que recogen datos de caracter personal:<\/p>\n<p><span class=\"numeracop\">1<\/span>Formulario de contacto<\/p>\n<p><strong>La finalidad de la recogida de datos personales en el formulario de contacto es exclusivamente dar respuesta a los asuntos que nos planteas<\/strong>.\u00a0 Para ello necesitamos que nos facilites tu nombre, apellidos y direcci\u00f3n de email. Al rellenar el formulario no se debe introducir ning\u00fan otro dato personal en el asunto.<\/p>\n<p><span class=\"numeracop\">2<\/span>Formulario de filiaci\u00f3n.<\/p>\n<p><strong>La finalidad de la recogida y tratamiento de estos datos es exclusivamente la propia de la gesti\u00f3n de la relaci\u00f3n de los afiliados con la asociaci\u00f3n y el env\u00edo de informaci\u00f3n y publicaciones. <\/strong>\u00a0Para ello necesitamos que nos facilites tu nombre, apellidos, direcci\u00f3n de email, direcci\u00f3n postal, tel\u00e9fono, profesi\u00f3n y datos bancarios.<\/p>\n<p><span class=\"numeracop\">3<\/span>Formulario de suscripci\u00f3n al manifiesto m\u00e9dico contra las vacunaciones masivas.<\/p>\n<p><strong>La finalidad de la recogida y tratamiento de estos datos, que no ser\u00e1n cedidos a terceros ni publicados en ning\u00fan medio f\u00edsico o digial, es exclusiva para suscribir el Manifiesto m\u00e9dico contra las vacunaciones masivas.\u00a0 <\/strong>Para ello necesitamos que nos facilites tu nombre, apellidos, direcci\u00f3n de email, n\u00famero de colegiado y provincia.<\/p>\n<p>Tambi\u00e9n te informamos de que trataremos aquellos datos adicionales que voluntariamente nos facilites durante las futuras relaciones e interacciones que mantengas con LA LIGA, incluidos los que nos aportes mediante una red social u otra aplicaci\u00f3n. Estos datos dependen de tu propia configuraci\u00f3n de privacidad, uso de la red social o aplicaci\u00f3n, as\u00ed como de las pol\u00edticas de privacidad propias de cada red social o aplicaci\u00f3n, por lo que te recomendamos leer las mismas con atenci\u00f3n antes de facilitarnos datos a trav\u00e9s de dichas redes sociales o aplicaciones.<\/p>\n<p>Adem\u00e1s, al navegar por nuestra web podemos tratar tu IP, qu\u00e9 sistema operativo o navegador usas, e incluso la duraci\u00f3n de tu visita, pero siempre de forma an\u00f3nima, con la finalidad de realizar an\u00e1lisis y mejoras en la Web, as\u00ed como para mejorar nuestra estrategia comercial.<\/p>\n<p>&nbsp;<\/p>\n<h3>\u00bfPara qu\u00e9 tratamos tus datos personales?<\/h3>\n<p><span class=\"numeracop\">1<\/span>Enviar informaci\u00f3n sobre LA LIGA que pueda ser de tu inter\u00e9s v\u00eda correo postal, e-mail, en base a tu consentimiento o a nuestra relaci\u00f3n contigo<\/p>\n<p><span class=\"numeracop\">2<\/span>Dar respuesta a las peticiones de informaci\u00f3n solicitadas<\/p>\n<p><span class=\"numeracop\">3<\/span>Promover y gestionar la relaci\u00f3n LA LIGA-Afiliado, incluyendo la colaboraci\u00f3n econ\u00f3mica mediante el cobro de cuotas.<\/p>\n<p>4Promover la participaci\u00f3n activa en eventos diversos (talleres, charlas, cursos, etc) y mantenerte informado sobre los mismos u otras iniciativas de naturaleza similar.<\/p>\n<p>5Realizaci\u00f3n de encuestas de satisfacci\u00f3n.<\/p>\n<h3>\u00bfCu\u00e1ndo y por qu\u00e9 motivo podemos facilitar tus datos a terceros?<\/h3>\n<p>Nunca venderemos, alquilaremos o cederemos tus datos personales, pero estos podr\u00e1n ser facilitados a los destinatarios que se indican a continuaci\u00f3n, por los motivos que a continuaci\u00f3n se explican:<\/p>\n<p>Administraciones P\u00fablicas: para el cumplimiento de las obligaciones legales a las que LA LIGA est\u00e1 sujeta por su actividad.<\/p>\n<p>Proveedores que precisen acceder a tus datos para la prestaci\u00f3n de servicios que LA LIGA haya contratado con aquellos, y con los cuales LA LIGA tiene suscritos los contratos de confidencialidad y de tratamiento de datos personales necesarios y exigidos por la normativa para proteger su privacidad.<\/p>\n<p>Si en el futuro LA LIGA realizara otras cesiones de datos personales, te informar\u00e1 oportunamente y en caso de que resulte necesario solicitar\u00e1 tu consentimiento.<\/p>\n<h3>\u00a0<\/h3>\n<h3>\u00bfRealizamos transferencias internacionales de datos?<\/h3>\n<p>No.<\/p>\n<h3>\u00bfDurante cu\u00e1nto tiempo guardaremos tus datos?<\/h3>\n<p>Tus datos personales se conservar\u00e1n mientras se mantenga tu relaci\u00f3n con LA LIGA, e incluso tras la finalizaci\u00f3n de dicha relaci\u00f3n por cualquier causa durante los plazos de prescripci\u00f3n legales que sean de aplicaci\u00f3n, si no nos comunicas lo contrario. En este supuesto, se tratar\u00e1n a efectos de acreditar el cumplimiento de nuestras obligaciones legales y\/o contractuales. Conservaremos tu informaci\u00f3n personal el tiempo necesario o permitido en atenci\u00f3n a los fines para los cuales se haya obtenido. Los criterios empleados para determinar los plazos de conservaci\u00f3n incluyen nuestras obligaciones legales, necesidades estad\u00edsticas o el hecho de que la conservaci\u00f3n sea o no aconsejable en funci\u00f3n de nuestra postura jur\u00eddica.<\/p>\n<p>&nbsp;<\/p>\n<h3>Si eres menor de 18 a\u00f1os<\/h3>\n<p>Si eres menor de edad y usas alguno de nuestros sitios web por favor, no nos env\u00edes ning\u00fan dato personal tuyo ni de tu familia sin previa autorizaci\u00f3n de tus padres o tutores. Si tienes alguna duda, pide a tus padres o tutores que se pongan en contacto con nosotros en: info@vacunacionlibre.org.<\/p>\n<p>&nbsp;<\/p>\n<h3><b>\u00bfCu\u00e1les son tus derechos?<\/b><\/h3>\n<p>Puedes ejercitar tus derechos de acceso, rectificaci\u00f3n, supresi\u00f3n y portabilidad, limitaci\u00f3n y\/u oposici\u00f3n al tratamiento, a trav\u00e9s de las direcciones postal y electr\u00f3nica indicadas. Esto significa que tienes derecho a:<\/p>\n<p>&#8211; A saber, si estamos tratando tus datos o no.<\/p>\n<p>&#8211; A acceder a tus datos personales.<\/p>\n<p>&#8211; A solicitar la rectificaci\u00f3n de tus datos si son inexactos.<\/p>\n<p>&#8211; A solicitar la supresi\u00f3n de tus datos si ya no son necesarios para los fines para los que fueron recogidos o si nos retiras el consentimiento otorgado.<\/p>\n<p>&#8211; A solicitar la limitaci\u00f3n del tratamiento de tus datos, en algunos supuestos, en cuyo caso s\u00f3lo los conservaremos de acuerdo con la normativa vigente.<\/p>\n<p>&#8211; A remitirte los datos que guardamos sobre ti en LA LIGA en un formato estructurado, de uso com\u00fan o lectura mec\u00e1nica.<\/p>\n<p>&#8211; A revocar el consentimiento para cualquier tratamiento para el que hayas consentido, en cualquier momento.<\/p>\n<p>&nbsp;<\/p>\n<p>Asimismo, si consideras que el tratamiento de tus datos personales vulnera la normativa o tus derechos de privacidad, puedes presentar una reclamaci\u00f3n:<\/p>\n<p>Para m\u00e1s informaci\u00f3n sobre las garant\u00edas a tu privacidad, puedes dirigirte a LA LIGA a trav\u00e9s de info@vacunacionlibre.org.<\/p>\n<p>Ante la Agencia Espa\u00f1ola de Protecci\u00f3n de Datos, a trav\u00e9s de su sede electr\u00f3nica, o de su direcci\u00f3n postal.<\/p>\n<p>[\/et_pb_text][\/et_pb_column][\/et_pb_row][\/et_pb_section]<\/p>\n","protected":false},"excerpt":{"rendered":"<p>[et_pb_section fb_built=\u00bb1&#8243; custom_padding_last_edited=\u00bbon|phone\u00bb admin_label=\u00bbPolitica de privacidad\u00bb _builder_version=\u00bb4.8.1&#8243; background_color=\u00bb#2192d6&#8243; background_enable_image=\u00bboff\u00bb background_position=\u00bbbottom_left\u00bb width=\u00bb100%\u00bb width_tablet=\u00bb\u00bb width_phone=\u00bb100%\u00bb width_last_edited=\u00bbon|phone\u00bb max_width=\u00bb100%\u00bb custom_padding=\u00bb53.625px|0px|53.625px|0|false|false\u00bb custom_padding_tablet=\u00bb\u00bb custom_padding_phone=\u00bb5%||5%||false|false\u00bb top_divider_height=\u00bb50px\u00bb top_divider_flip=\u00bbhorizontal\u00bb collapsed=\u00bboff\u00bb][et_pb_row custom_padding_last_edited=\u00bbon|phone\u00bb _builder_version=\u00bb4.8.1&#8243; background_enable_color=\u00bboff\u00bb background_enable_image=\u00bboff\u00bb width=\u00bb100%\u00bb width_tablet=\u00bb100%\u00bb width_phone=\u00bb100%\u00bb width_last_edited=\u00bbon|tablet\u00bb max_width=\u00bb100%\u00bb custom_margin=\u00bb40px||||false|false\u00bb custom_margin_tablet=\u00bb|||10%\u00bb custom_margin_phone=\u00bb0px|||0%|false|false\u00bb custom_margin_last_edited=\u00bbon|phone\u00bb custom_padding=\u00bb0px|60px|0px|60px|true|true\u00bb custom_padding_tablet=\u00bb\u00bb custom_padding_phone=\u00bb0px|0px|0px|0px|true|true\u00bb border_radii=\u00bbon|6px|6px|6px|6px\u00bb locked=\u00bboff\u00bb][et_pb_column type=\u00bb4_4&#8243; _builder_version=\u00bb3.25&#8243; custom_padding=\u00bb|||\u00bb custom_padding__hover=\u00bb|||\u00bb][et_pb_text _builder_version=\u00bb4.8.1&#8243; text_font=\u00bbRubik|300|||||||\u00bb text_text_color=\u00bbrgba(255,255,255,0.7)\u00bb text_line_height=\u00bb1.2em\u00bb header_font=\u00bbRubik|700|||||||\u00bb header_font_size=\u00bb44px\u00bb header_line_height=\u00bb1.4em\u00bb header_2_font=\u00bbRubik|700|||||||\u00bb header_2_font_size=\u00bb40px\u00bb header_6_font=\u00bbMontserrat|600||on|||||\u00bb header_6_text_color=\u00bbrgba(255,255,255,0.7)\u00bb header_6_font_size=\u00bb16px\u00bb [&hellip;]<\/p>\n","protected":false},"author":1,"featured_media":0,"parent":0,"menu_order":0,"comment_status":"closed","ping_status":"closed","template":"","meta":{"_et_pb_use_builder":"on","_et_pb_old_content":"","_et_gb_content_width":"","footnotes":""},"class_list":["post-4956","page","type-page","status-publish","hentry"],"_links":{"self":[{"href":"https:\/\/vik.es\/llv\/wp-json\/wp\/v2\/pages\/4956","targetHints":{"allow":["GET"]}}],"collection":[{"href":"https:\/\/vik.es\/llv\/wp-json\/wp\/v2\/pages"}],"about":[{"href":"https:\/\/vik.es\/llv\/wp-json\/wp\/v2\/types\/page"}],"author":[{"embeddable":true,"href":"https:\/\/vik.es\/llv\/wp-json\/wp\/v2\/users\/1"}],"replies":[{"embeddable":true,"href":"https:\/\/vik.es\/llv\/wp-json\/wp\/v2\/comments?post=4956"}],"version-history":[{"count":19,"href":"https:\/\/vik.es\/llv\/wp-json\/wp\/v2\/pages\/4956\/revisions"}],"predecessor-version":[{"id":5825,"href":"https:\/\/vik.es\/llv\/wp-json\/wp\/v2\/pages\/4956\/revisions\/5825"}],"wp:attachment":[{"href":"https:\/\/vik.es\/llv\/wp-json\/wp\/v2\/media?parent=4956"}],"curies":[{"name":"wp","href":"https:\/\/api.w.org\/{rel}","templated":true}]}}